{"id":972,"date":"2020-03-10T22:02:09","date_gmt":"2020-03-10T21:02:09","guid":{"rendered":"http:\/\/ubezpieczenia.berlin\/?page_id=972"},"modified":"2023-04-11T18:37:56","modified_gmt":"2023-04-11T16:37:56","slug":"pojazd-oferta-ubezpieczenia","status":"publish","type":"page","link":"https:\/\/ubezpieczenia.berlin\/index.php\/pojazd-oferta-ubezpieczenia\/","title":{"rendered":""},"content":{"rendered":"<script type=\"text\/javascript\" src=\"\/\/www.jotform.com\/jsform\/230692800597361?redirect=1\"><\/script>\n","protected":false},"excerpt":{"rendered":"","protected":false},"author":1,"featured_media":0,"parent":0,"menu_order":0,"comment_status":"closed","ping_status":"closed","template":"","meta":{"_exactmetrics_skip_tracking":false,"_exactmetrics_sitenote_active":false,"_exactmetrics_sitenote_note":"","_exactmetrics_sitenote_category":0,"footnotes":""},"class_list":["post-972","page","type-page","status-publish","czr-hentry"],"yoast_head":"<!-- This site is optimized with the Yoast SEO plugin v27.5 - https:\/\/yoast.com\/product\/yoast-seo-wordpress\/ -->\n<title>Formularz - Oferta na ubezpieczanie samochodu w Niemczech.<\/title>\n<meta name=\"description\" content=\"Poni\u017cszy formularz s\u0142u\u017cy do przekazania informacji potrzebnych do przygotowania bezp\u0142atnej oferty na ubezpieczanie samochodu. Ofert\u0119 staramy si\u0119 przygotowa\u0107 do 24 godzin.\" \/>\n<meta name=\"robots\" content=\"index, follow, max-snippet:-1, max-image-preview:large, max-video-preview:-1\" \/>\n<link rel=\"canonical\" href=\"https:\/\/ubezpieczenia.berlin\/index.php\/pojazd-oferta-ubezpieczenia\/\" \/>\n<meta property=\"og:locale\" content=\"pl_PL\" \/>\n<meta property=\"og:type\" content=\"article\" \/>\n<meta property=\"og:title\" content=\"Formularz - Oferta na ubezpieczanie samochodu w Niemczech. %\" \/>\n<meta property=\"og:description\" content=\"Poni\u017cszy formularz s\u0142u\u017cy do przekazania informacji potrzebnych do przygotowania bezp\u0142atnej oferty na ubezpieczanie samochodu. Ofert\u0119 staramy si\u0119 przygotowa\u0107 do 24 godzin.\" \/>\n<meta property=\"og:url\" content=\"https:\/\/ubezpieczenia.berlin\/index.php\/pojazd-oferta-ubezpieczenia\/\" \/>\n<meta property=\"og:site_name\" content=\"Urbanowicz \u0141ukasz\" \/>\n<meta property=\"article:publisher\" content=\"https:\/\/www.facebook.com\/UrbanowiczLukas\/\" \/>\n<meta property=\"article:modified_time\" content=\"2023-04-11T16:37:56+00:00\" \/>\n<meta property=\"og:image\" content=\"https:\/\/ubezpieczenia.berlin\/wp-content\/uploads\/2020\/04\/auto-oferta-1.png\" \/>\n\t<meta property=\"og:image:width\" content=\"600\" \/>\n\t<meta property=\"og:image:height\" content=\"134\" \/>\n\t<meta property=\"og:image:type\" content=\"image\/png\" \/>\n<meta name=\"twitter:card\" content=\"summary_large_image\" \/>\n<meta name=\"twitter:label1\" content=\"Szacowany czas czytania\" \/>\n\t<meta name=\"twitter:data1\" content=\"1 minuta\" \/>\n<script type=\"application\/ld+json\" class=\"yoast-schema-graph\">{\"@context\":\"https:\\\/\\\/schema.org\",\"@graph\":[{\"@type\":\"WebPage\",\"@id\":\"https:\\\/\\\/ubezpieczenia.berlin\\\/index.php\\\/pojazd-oferta-ubezpieczenia\\\/\",\"url\":\"https:\\\/\\\/ubezpieczenia.berlin\\\/index.php\\\/pojazd-oferta-ubezpieczenia\\\/\",\"name\":\"Formularz - Oferta na ubezpieczanie samochodu w Niemczech.\",\"isPartOf\":{\"@id\":\"https:\\\/\\\/ubezpieczenia.berlin\\\/#website\"},\"datePublished\":\"2020-03-10T21:02:09+00:00\",\"dateModified\":\"2023-04-11T16:37:56+00:00\",\"description\":\"Poni\u017cszy formularz s\u0142u\u017cy do przekazania informacji potrzebnych do przygotowania bezp\u0142atnej oferty na ubezpieczanie samochodu. Ofert\u0119 staramy si\u0119 przygotowa\u0107 do 24 godzin.\",\"inLanguage\":\"pl-PL\",\"potentialAction\":[{\"@type\":\"ReadAction\",\"target\":[\"https:\\\/\\\/ubezpieczenia.berlin\\\/index.php\\\/pojazd-oferta-ubezpieczenia\\\/\"]}]},{\"@type\":\"WebSite\",\"@id\":\"https:\\\/\\\/ubezpieczenia.berlin\\\/#website\",\"url\":\"https:\\\/\\\/ubezpieczenia.berlin\\\/\",\"name\":\"Ubezpiezpieczenia w Berlinie\",\"description\":\"\",\"publisher\":{\"@id\":\"https:\\\/\\\/ubezpieczenia.berlin\\\/#organization\"},\"potentialAction\":[{\"@type\":\"SearchAction\",\"target\":{\"@type\":\"EntryPoint\",\"urlTemplate\":\"https:\\\/\\\/ubezpieczenia.berlin\\\/?s={search_term_string}\"},\"query-input\":{\"@type\":\"PropertyValueSpecification\",\"valueRequired\":true,\"valueName\":\"search_term_string\"}}],\"inLanguage\":\"pl-PL\"},{\"@type\":\"Organization\",\"@id\":\"https:\\\/\\\/ubezpieczenia.berlin\\\/#organization\",\"name\":\"Urbanowicz \u0141ukasz Versicherungsmakler\",\"url\":\"https:\\\/\\\/ubezpieczenia.berlin\\\/\",\"logo\":{\"@type\":\"ImageObject\",\"inLanguage\":\"pl-PL\",\"@id\":\"https:\\\/\\\/ubezpieczenia.berlin\\\/#\\\/schema\\\/logo\\\/image\\\/\",\"url\":\"http:\\\/\\\/ubezpieczenia.berlin\\\/wp-content\\\/uploads\\\/2018\\\/04\\\/Urbanowicz-\u0141ukasz-ubezpieczenia-w-Niemczech.jpg\",\"contentUrl\":\"http:\\\/\\\/ubezpieczenia.berlin\\\/wp-content\\\/uploads\\\/2018\\\/04\\\/Urbanowicz-\u0141ukasz-ubezpieczenia-w-Niemczech.jpg\",\"width\":765,\"height\":217,\"caption\":\"Urbanowicz \u0141ukasz Versicherungsmakler\"},\"image\":{\"@id\":\"https:\\\/\\\/ubezpieczenia.berlin\\\/#\\\/schema\\\/logo\\\/image\\\/\"},\"sameAs\":[\"https:\\\/\\\/www.facebook.com\\\/UrbanowiczLukas\\\/\",\"https:\\\/\\\/www.instagram.com\\\/urbanowiczlukas\\\/\"]}]}<\/script>\n<!-- \/ Yoast SEO plugin. -->","yoast_head_json":{"title":"Formularz - Oferta na ubezpieczanie samochodu w Niemczech.","description":"Poni\u017cszy formularz s\u0142u\u017cy do przekazania informacji potrzebnych do przygotowania bezp\u0142atnej oferty na ubezpieczanie samochodu. Ofert\u0119 staramy si\u0119 przygotowa\u0107 do 24 godzin.","robots":{"index":"index","follow":"follow","max-snippet":"max-snippet:-1","max-image-preview":"max-image-preview:large","max-video-preview":"max-video-preview:-1"},"canonical":"https:\/\/ubezpieczenia.berlin\/index.php\/pojazd-oferta-ubezpieczenia\/","og_locale":"pl_PL","og_type":"article","og_title":"Formularz - Oferta na ubezpieczanie samochodu w Niemczech. %","og_description":"Poni\u017cszy formularz s\u0142u\u017cy do przekazania informacji potrzebnych do przygotowania bezp\u0142atnej oferty na ubezpieczanie samochodu. Ofert\u0119 staramy si\u0119 przygotowa\u0107 do 24 godzin.","og_url":"https:\/\/ubezpieczenia.berlin\/index.php\/pojazd-oferta-ubezpieczenia\/","og_site_name":"Urbanowicz \u0141ukasz","article_publisher":"https:\/\/www.facebook.com\/UrbanowiczLukas\/","article_modified_time":"2023-04-11T16:37:56+00:00","og_image":[{"width":600,"height":134,"url":"https:\/\/ubezpieczenia.berlin\/wp-content\/uploads\/2020\/04\/auto-oferta-1.png","type":"image\/png"}],"twitter_card":"summary_large_image","twitter_misc":{"Szacowany czas czytania":"1 minuta"},"schema":{"@context":"https:\/\/schema.org","@graph":[{"@type":"WebPage","@id":"https:\/\/ubezpieczenia.berlin\/index.php\/pojazd-oferta-ubezpieczenia\/","url":"https:\/\/ubezpieczenia.berlin\/index.php\/pojazd-oferta-ubezpieczenia\/","name":"Formularz - Oferta na ubezpieczanie samochodu w Niemczech.","isPartOf":{"@id":"https:\/\/ubezpieczenia.berlin\/#website"},"datePublished":"2020-03-10T21:02:09+00:00","dateModified":"2023-04-11T16:37:56+00:00","description":"Poni\u017cszy formularz s\u0142u\u017cy do przekazania informacji potrzebnych do przygotowania bezp\u0142atnej oferty na ubezpieczanie samochodu. Ofert\u0119 staramy si\u0119 przygotowa\u0107 do 24 godzin.","inLanguage":"pl-PL","potentialAction":[{"@type":"ReadAction","target":["https:\/\/ubezpieczenia.berlin\/index.php\/pojazd-oferta-ubezpieczenia\/"]}]},{"@type":"WebSite","@id":"https:\/\/ubezpieczenia.berlin\/#website","url":"https:\/\/ubezpieczenia.berlin\/","name":"Ubezpiezpieczenia w Berlinie","description":"","publisher":{"@id":"https:\/\/ubezpieczenia.berlin\/#organization"},"potentialAction":[{"@type":"SearchAction","target":{"@type":"EntryPoint","urlTemplate":"https:\/\/ubezpieczenia.berlin\/?s={search_term_string}"},"query-input":{"@type":"PropertyValueSpecification","valueRequired":true,"valueName":"search_term_string"}}],"inLanguage":"pl-PL"},{"@type":"Organization","@id":"https:\/\/ubezpieczenia.berlin\/#organization","name":"Urbanowicz \u0141ukasz Versicherungsmakler","url":"https:\/\/ubezpieczenia.berlin\/","logo":{"@type":"ImageObject","inLanguage":"pl-PL","@id":"https:\/\/ubezpieczenia.berlin\/#\/schema\/logo\/image\/","url":"http:\/\/ubezpieczenia.berlin\/wp-content\/uploads\/2018\/04\/Urbanowicz-\u0141ukasz-ubezpieczenia-w-Niemczech.jpg","contentUrl":"http:\/\/ubezpieczenia.berlin\/wp-content\/uploads\/2018\/04\/Urbanowicz-\u0141ukasz-ubezpieczenia-w-Niemczech.jpg","width":765,"height":217,"caption":"Urbanowicz \u0141ukasz Versicherungsmakler"},"image":{"@id":"https:\/\/ubezpieczenia.berlin\/#\/schema\/logo\/image\/"},"sameAs":["https:\/\/www.facebook.com\/UrbanowiczLukas\/","https:\/\/www.instagram.com\/urbanowiczlukas\/"]}]}},"_links":{"self":[{"href":"https:\/\/ubezpieczenia.berlin\/index.php\/wp-json\/wp\/v2\/pages\/972","targetHints":{"allow":["GET"]}}],"collection":[{"href":"https:\/\/ubezpieczenia.berlin\/index.php\/wp-json\/wp\/v2\/pages"}],"about":[{"href":"https:\/\/ubezpieczenia.berlin\/index.php\/wp-json\/wp\/v2\/types\/page"}],"author":[{"embeddable":true,"href":"https:\/\/ubezpieczenia.berlin\/index.php\/wp-json\/wp\/v2\/users\/1"}],"replies":[{"embeddable":true,"href":"https:\/\/ubezpieczenia.berlin\/index.php\/wp-json\/wp\/v2\/comments?post=972"}],"version-history":[{"count":15,"href":"https:\/\/ubezpieczenia.berlin\/index.php\/wp-json\/wp\/v2\/pages\/972\/revisions"}],"predecessor-version":[{"id":1815,"href":"https:\/\/ubezpieczenia.berlin\/index.php\/wp-json\/wp\/v2\/pages\/972\/revisions\/1815"}],"wp:attachment":[{"href":"https:\/\/ubezpieczenia.berlin\/index.php\/wp-json\/wp\/v2\/media?parent=972"}],"curies":[{"name":"wp","href":"https:\/\/api.w.org\/{rel}","templated":true}]}}