{"id":855,"date":"2018-09-23T15:54:15","date_gmt":"2018-09-23T13:54:15","guid":{"rendered":"http:\/\/ubezpieczenia.berlin\/?page_id=855"},"modified":"2023-01-11T07:17:20","modified_gmt":"2023-01-11T06:17:20","slug":"kalkulator-ubezpieczenie-hundehalterhaftpflicht","status":"publish","type":"page","link":"https:\/\/ubezpieczenia.berlin\/index.php\/kalkulator-ubezpieczenie-hundehalterhaftpflicht\/","title":{"rendered":"Kalkulator &#8211; Ubezpieczenie Hundehalterhaftpflicht"},"content":{"rendered":"<div id=\"comp-jlqdrvxi\" class=\"txtNew\" data-packed=\"false\" data-min-height=\"138\">\n<h2>Posiadasz psa lub inne zwierz\u0119 domowe?<\/h2>\n<p>W a\u017c sze\u015bciu niemieckich landach na w\u0142a\u015bcicielach ps\u00f3w spoczywa obowi\u0105zek wykupienia ubezpieczenia OC \u2013 takie prawo panuje w Berlinie, Brandenburgu, Hamburgu, Niedersachsen (Dolenj Saksonii), Th\u00fcringen (Turyngii) i w Schleswig-Holstein. W innych landach tak zwane Hundehalterhaftpflichtversicherung mo\u017ce obowi\u0105zywa\u0107 w okre\u015blonych sytuacjach \u2013 na przyk\u0142ad je\u015bli czworon\u00f3g ma wysoko\u015b\u0107 powy\u017cej 40 cm lub jest przedstawicielem jednej z ras agresywnych. W\u0142a\u015bciciele ps\u00f3w powinni jednak rozwa\u017cy\u0107 wykupienie tej polisy niezale\u017cnie od landu, w kt\u00f3rym mieszaj\u0105. Uchroni ich to od r\u00f3\u017cnych, nieprzewidzianych konsekwencji \u2013 nawet dobrze wychowany i \u0142agodny psiak mo\u017ce przyczyni\u0107 si\u0119 do wyrz\u0105dzenia szk\u00f3d innym.<\/p>\n<p>Ubezpieczenie od posiadania psa ma zastosowanie, kiedy z winy pupila poszkodowany poni\u00f3s\u0142 szkody osobowe, maj\u0105tkowe i rzeczowe. Hundehalterhaftpflichtversicherung pokryje wydatki zwi\u0105zane z rekompensat\u0105 na przyk\u0142ad w sytuacji, gdzie pies uszkodzi\u0142 mienie osoby trzeciej. Mo\u017ce by\u0107 te\u017c pomocne, je\u015bli pupil wyrz\u0105dzi\u0142 szkod\u0119 u weterynarza. Zakres ochrony okre\u015blany jest w umowie indywidualnej.<\/p>\n<h2 class=\"font_0\"><strong><span class=\"color_15\">Kalkulator &#8211; Ubezpieczenie Hundehalterhaftpflicht &#8211; ubezpieczenie OC dla w\u0142a\u015bciciela psa<\/span><\/strong><\/h2>\n<p class=\"font_7\" style=\"text-align: left;\">Korzystaj\u0105c z poni\u017cszego kalkulatora, mo\u017cesz samemu wyliczy\u0107 sk\u0142adk\u0119 na ubezpieczenie psa w Niemczech, por\u00f3wna\u0107 taryfy i ceny wi\u0119kszo\u015bci ubezpiecze\u0144 w Niemczech, a nast\u0119pnie zawrze\u0107 umow\u0119 na wybrane ubezpieczenie.<\/p>\n<p><em>Po zawarciu umowy ubezpieczenia, potwierdzenia wraz z dokumentacj\u0105 przychodz\u0105 na skrzynk\u0119 email. Polisa &#8211; najcz\u0119\u015bciej poczt\u0105 klasyczn\u0105 (w zale\u017cno\u015bci od ubezpieczyciela &#8211; cz\u0119\u015b\u0107 z firm ubezpieczeniowych korzysta wy\u0142\u0105cznie z komunikacji mailowej)<\/em><\/p>\n<\/div>\n<p style=\"text-align: left;\"><strong>Kalulacja jest bezp\u0142atna i niewi\u0105\u017c\u0105ca.<\/strong><\/p>\n<p style=\"text-align: left;\"><span style=\"color: #800000;\"><strong>Potrzebujesz pomocy?\u00a0zadzwo\u0144 do mnie! 0175 11 95 608<\/strong><\/span><\/p>\n<p><iframe loading=\"lazy\" src=\"https:\/\/lotse.softfair-server.de\/b2c\/#\/ergebnis\/hundehalter?userexid=b42d2e18-773c-11e6-8000-b0ea70511c93\" width=\"965\" height=\"2800\" frameborder=\"0\" allowfullscreen=\"allowfullscreen\"><\/iframe><\/p>\n","protected":false},"excerpt":{"rendered":"<p>Posiadasz psa lub inne zwierz\u0119 domowe? W a\u017c sze\u015bciu niemieckich landach na w\u0142a\u015bcicielach ps\u00f3w spoczywa obowi\u0105zek wykupienia ubezpieczenia OC \u2013 takie prawo panuje w Berlinie, Brandenburgu, Hamburgu, Niedersachsen (Dolenj Saksonii), Th\u00fcringen (Turyngii) i w Schleswig-Holstein. W innych landach tak zwane Hundehalterhaftpflichtversicherung mo\u017ce obowi\u0105zywa\u0107 w okre\u015blonych sytuacjach \u2013 na przyk\u0142ad je\u015bli czworon\u00f3g ma wysoko\u015b\u0107 powy\u017cej 40 [&hellip;]<\/p>\n","protected":false},"author":1,"featured_media":856,"parent":0,"menu_order":0,"comment_status":"closed","ping_status":"closed","template":"","meta":{"_exactmetrics_skip_tracking":false,"_exactmetrics_sitenote_active":false,"_exactmetrics_sitenote_note":"","_exactmetrics_sitenote_category":0,"footnotes":""},"class_list":["post-855","page","type-page","status-publish","has-post-thumbnail","czr-hentry"],"yoast_head":"<!-- This site is optimized with the Yoast SEO plugin v27.5 - https:\/\/yoast.com\/product\/yoast-seo-wordpress\/ -->\n<title>Kalkulator - Ubezpieczenie Hundehalterhaftpflicht &#8212; Urbanowicz \u0141ukasz<\/title>\n<meta name=\"description\" content=\"Ubezpieczenie psa w Niemczech. Bezp\u0142atnia kalkulacja, sprawd\u017a i por\u00f3wnaj ceny ubezpiecze\u0144. Podstawowe informacje o ubezpieczeniu psa w Niemczech.\" \/>\n<meta name=\"robots\" content=\"index, follow, max-snippet:-1, max-image-preview:large, max-video-preview:-1\" \/>\n<link rel=\"canonical\" href=\"https:\/\/ubezpieczenia.berlin\/index.php\/kalkulator-ubezpieczenie-hundehalterhaftpflicht\/\" \/>\n<meta property=\"og:locale\" content=\"pl_PL\" \/>\n<meta property=\"og:type\" content=\"article\" \/>\n<meta property=\"og:title\" content=\"Kalkulator - Ubezpieczenie Hundehalterhaftpflicht &#8212; Urbanowicz \u0141ukasz\" \/>\n<meta property=\"og:description\" content=\"Ubezpieczenie psa w Niemczech. Bezp\u0142atnia kalkulacja, sprawd\u017a i por\u00f3wnaj ceny ubezpiecze\u0144. Podstawowe informacje o ubezpieczeniu psa w Niemczech.\" \/>\n<meta property=\"og:url\" content=\"https:\/\/ubezpieczenia.berlin\/index.php\/kalkulator-ubezpieczenie-hundehalterhaftpflicht\/\" \/>\n<meta property=\"og:site_name\" content=\"Urbanowicz \u0141ukasz\" \/>\n<meta property=\"article:publisher\" content=\"https:\/\/www.facebook.com\/UrbanowiczLukas\/\" \/>\n<meta property=\"article:modified_time\" content=\"2023-01-11T06:17:20+00:00\" \/>\n<meta property=\"og:image\" content=\"https:\/\/ubezpieczenia.berlin\/wp-content\/uploads\/2018\/09\/adorable-1850276_1280.jpg\" \/>\n\t<meta property=\"og:image:width\" content=\"1280\" \/>\n\t<meta property=\"og:image:height\" content=\"853\" \/>\n\t<meta property=\"og:image:type\" content=\"image\/jpeg\" \/>\n<meta name=\"twitter:card\" content=\"summary_large_image\" \/>\n<meta name=\"twitter:label1\" content=\"Szacowany czas czytania\" \/>\n\t<meta name=\"twitter:data1\" content=\"2 minuty\" \/>\n<script type=\"application\/ld+json\" class=\"yoast-schema-graph\">{\"@context\":\"https:\\\/\\\/schema.org\",\"@graph\":[{\"@type\":\"WebPage\",\"@id\":\"https:\\\/\\\/ubezpieczenia.berlin\\\/index.php\\\/kalkulator-ubezpieczenie-hundehalterhaftpflicht\\\/\",\"url\":\"https:\\\/\\\/ubezpieczenia.berlin\\\/index.php\\\/kalkulator-ubezpieczenie-hundehalterhaftpflicht\\\/\",\"name\":\"Kalkulator - Ubezpieczenie Hundehalterhaftpflicht &#8212; Urbanowicz \u0141ukasz\",\"isPartOf\":{\"@id\":\"https:\\\/\\\/ubezpieczenia.berlin\\\/#website\"},\"primaryImageOfPage\":{\"@id\":\"https:\\\/\\\/ubezpieczenia.berlin\\\/index.php\\\/kalkulator-ubezpieczenie-hundehalterhaftpflicht\\\/#primaryimage\"},\"image\":{\"@id\":\"https:\\\/\\\/ubezpieczenia.berlin\\\/index.php\\\/kalkulator-ubezpieczenie-hundehalterhaftpflicht\\\/#primaryimage\"},\"thumbnailUrl\":\"https:\\\/\\\/ubezpieczenia.berlin\\\/wp-content\\\/uploads\\\/2018\\\/09\\\/adorable-1850276_1280.jpg\",\"datePublished\":\"2018-09-23T13:54:15+00:00\",\"dateModified\":\"2023-01-11T06:17:20+00:00\",\"description\":\"Ubezpieczenie psa w Niemczech. Bezp\u0142atnia kalkulacja, sprawd\u017a i por\u00f3wnaj ceny ubezpiecze\u0144. Podstawowe informacje o ubezpieczeniu psa w Niemczech.\",\"breadcrumb\":{\"@id\":\"https:\\\/\\\/ubezpieczenia.berlin\\\/index.php\\\/kalkulator-ubezpieczenie-hundehalterhaftpflicht\\\/#breadcrumb\"},\"inLanguage\":\"pl-PL\",\"potentialAction\":[{\"@type\":\"ReadAction\",\"target\":[\"https:\\\/\\\/ubezpieczenia.berlin\\\/index.php\\\/kalkulator-ubezpieczenie-hundehalterhaftpflicht\\\/\"]}]},{\"@type\":\"ImageObject\",\"inLanguage\":\"pl-PL\",\"@id\":\"https:\\\/\\\/ubezpieczenia.berlin\\\/index.php\\\/kalkulator-ubezpieczenie-hundehalterhaftpflicht\\\/#primaryimage\",\"url\":\"https:\\\/\\\/ubezpieczenia.berlin\\\/wp-content\\\/uploads\\\/2018\\\/09\\\/adorable-1850276_1280.jpg\",\"contentUrl\":\"https:\\\/\\\/ubezpieczenia.berlin\\\/wp-content\\\/uploads\\\/2018\\\/09\\\/adorable-1850276_1280.jpg\",\"width\":1280,\"height\":853,\"caption\":\"ubezpieczenie OC psa\"},{\"@type\":\"BreadcrumbList\",\"@id\":\"https:\\\/\\\/ubezpieczenia.berlin\\\/index.php\\\/kalkulator-ubezpieczenie-hundehalterhaftpflicht\\\/#breadcrumb\",\"itemListElement\":[{\"@type\":\"ListItem\",\"position\":1,\"name\":\"Strona g\u0142\u00f3wna\",\"item\":\"https:\\\/\\\/ubezpieczenia.berlin\\\/\"},{\"@type\":\"ListItem\",\"position\":2,\"name\":\"Kalkulator &#8211; Ubezpieczenie Hundehalterhaftpflicht\"}]},{\"@type\":\"WebSite\",\"@id\":\"https:\\\/\\\/ubezpieczenia.berlin\\\/#website\",\"url\":\"https:\\\/\\\/ubezpieczenia.berlin\\\/\",\"name\":\"Ubezpiezpieczenia w Berlinie\",\"description\":\"\",\"publisher\":{\"@id\":\"https:\\\/\\\/ubezpieczenia.berlin\\\/#organization\"},\"potentialAction\":[{\"@type\":\"SearchAction\",\"target\":{\"@type\":\"EntryPoint\",\"urlTemplate\":\"https:\\\/\\\/ubezpieczenia.berlin\\\/?s={search_term_string}\"},\"query-input\":{\"@type\":\"PropertyValueSpecification\",\"valueRequired\":true,\"valueName\":\"search_term_string\"}}],\"inLanguage\":\"pl-PL\"},{\"@type\":\"Organization\",\"@id\":\"https:\\\/\\\/ubezpieczenia.berlin\\\/#organization\",\"name\":\"Urbanowicz \u0141ukasz Versicherungsmakler\",\"url\":\"https:\\\/\\\/ubezpieczenia.berlin\\\/\",\"logo\":{\"@type\":\"ImageObject\",\"inLanguage\":\"pl-PL\",\"@id\":\"https:\\\/\\\/ubezpieczenia.berlin\\\/#\\\/schema\\\/logo\\\/image\\\/\",\"url\":\"http:\\\/\\\/ubezpieczenia.berlin\\\/wp-content\\\/uploads\\\/2018\\\/04\\\/Urbanowicz-\u0141ukasz-ubezpieczenia-w-Niemczech.jpg\",\"contentUrl\":\"http:\\\/\\\/ubezpieczenia.berlin\\\/wp-content\\\/uploads\\\/2018\\\/04\\\/Urbanowicz-\u0141ukasz-ubezpieczenia-w-Niemczech.jpg\",\"width\":765,\"height\":217,\"caption\":\"Urbanowicz \u0141ukasz Versicherungsmakler\"},\"image\":{\"@id\":\"https:\\\/\\\/ubezpieczenia.berlin\\\/#\\\/schema\\\/logo\\\/image\\\/\"},\"sameAs\":[\"https:\\\/\\\/www.facebook.com\\\/UrbanowiczLukas\\\/\",\"https:\\\/\\\/www.instagram.com\\\/urbanowiczlukas\\\/\"]}]}<\/script>\n<!-- \/ Yoast SEO plugin. -->","yoast_head_json":{"title":"Kalkulator - Ubezpieczenie Hundehalterhaftpflicht &#8212; Urbanowicz \u0141ukasz","description":"Ubezpieczenie psa w Niemczech. Bezp\u0142atnia kalkulacja, sprawd\u017a i por\u00f3wnaj ceny ubezpiecze\u0144. Podstawowe informacje o ubezpieczeniu psa w Niemczech.","robots":{"index":"index","follow":"follow","max-snippet":"max-snippet:-1","max-image-preview":"max-image-preview:large","max-video-preview":"max-video-preview:-1"},"canonical":"https:\/\/ubezpieczenia.berlin\/index.php\/kalkulator-ubezpieczenie-hundehalterhaftpflicht\/","og_locale":"pl_PL","og_type":"article","og_title":"Kalkulator - Ubezpieczenie Hundehalterhaftpflicht &#8212; Urbanowicz \u0141ukasz","og_description":"Ubezpieczenie psa w Niemczech. Bezp\u0142atnia kalkulacja, sprawd\u017a i por\u00f3wnaj ceny ubezpiecze\u0144. Podstawowe informacje o ubezpieczeniu psa w Niemczech.","og_url":"https:\/\/ubezpieczenia.berlin\/index.php\/kalkulator-ubezpieczenie-hundehalterhaftpflicht\/","og_site_name":"Urbanowicz \u0141ukasz","article_publisher":"https:\/\/www.facebook.com\/UrbanowiczLukas\/","article_modified_time":"2023-01-11T06:17:20+00:00","og_image":[{"width":1280,"height":853,"url":"https:\/\/ubezpieczenia.berlin\/wp-content\/uploads\/2018\/09\/adorable-1850276_1280.jpg","type":"image\/jpeg"}],"twitter_card":"summary_large_image","twitter_misc":{"Szacowany czas czytania":"2 minuty"},"schema":{"@context":"https:\/\/schema.org","@graph":[{"@type":"WebPage","@id":"https:\/\/ubezpieczenia.berlin\/index.php\/kalkulator-ubezpieczenie-hundehalterhaftpflicht\/","url":"https:\/\/ubezpieczenia.berlin\/index.php\/kalkulator-ubezpieczenie-hundehalterhaftpflicht\/","name":"Kalkulator - Ubezpieczenie Hundehalterhaftpflicht &#8212; Urbanowicz \u0141ukasz","isPartOf":{"@id":"https:\/\/ubezpieczenia.berlin\/#website"},"primaryImageOfPage":{"@id":"https:\/\/ubezpieczenia.berlin\/index.php\/kalkulator-ubezpieczenie-hundehalterhaftpflicht\/#primaryimage"},"image":{"@id":"https:\/\/ubezpieczenia.berlin\/index.php\/kalkulator-ubezpieczenie-hundehalterhaftpflicht\/#primaryimage"},"thumbnailUrl":"https:\/\/ubezpieczenia.berlin\/wp-content\/uploads\/2018\/09\/adorable-1850276_1280.jpg","datePublished":"2018-09-23T13:54:15+00:00","dateModified":"2023-01-11T06:17:20+00:00","description":"Ubezpieczenie psa w Niemczech. Bezp\u0142atnia kalkulacja, sprawd\u017a i por\u00f3wnaj ceny ubezpiecze\u0144. Podstawowe informacje o ubezpieczeniu psa w Niemczech.","breadcrumb":{"@id":"https:\/\/ubezpieczenia.berlin\/index.php\/kalkulator-ubezpieczenie-hundehalterhaftpflicht\/#breadcrumb"},"inLanguage":"pl-PL","potentialAction":[{"@type":"ReadAction","target":["https:\/\/ubezpieczenia.berlin\/index.php\/kalkulator-ubezpieczenie-hundehalterhaftpflicht\/"]}]},{"@type":"ImageObject","inLanguage":"pl-PL","@id":"https:\/\/ubezpieczenia.berlin\/index.php\/kalkulator-ubezpieczenie-hundehalterhaftpflicht\/#primaryimage","url":"https:\/\/ubezpieczenia.berlin\/wp-content\/uploads\/2018\/09\/adorable-1850276_1280.jpg","contentUrl":"https:\/\/ubezpieczenia.berlin\/wp-content\/uploads\/2018\/09\/adorable-1850276_1280.jpg","width":1280,"height":853,"caption":"ubezpieczenie OC psa"},{"@type":"BreadcrumbList","@id":"https:\/\/ubezpieczenia.berlin\/index.php\/kalkulator-ubezpieczenie-hundehalterhaftpflicht\/#breadcrumb","itemListElement":[{"@type":"ListItem","position":1,"name":"Strona g\u0142\u00f3wna","item":"https:\/\/ubezpieczenia.berlin\/"},{"@type":"ListItem","position":2,"name":"Kalkulator &#8211; Ubezpieczenie Hundehalterhaftpflicht"}]},{"@type":"WebSite","@id":"https:\/\/ubezpieczenia.berlin\/#website","url":"https:\/\/ubezpieczenia.berlin\/","name":"Ubezpiezpieczenia w Berlinie","description":"","publisher":{"@id":"https:\/\/ubezpieczenia.berlin\/#organization"},"potentialAction":[{"@type":"SearchAction","target":{"@type":"EntryPoint","urlTemplate":"https:\/\/ubezpieczenia.berlin\/?s={search_term_string}"},"query-input":{"@type":"PropertyValueSpecification","valueRequired":true,"valueName":"search_term_string"}}],"inLanguage":"pl-PL"},{"@type":"Organization","@id":"https:\/\/ubezpieczenia.berlin\/#organization","name":"Urbanowicz \u0141ukasz Versicherungsmakler","url":"https:\/\/ubezpieczenia.berlin\/","logo":{"@type":"ImageObject","inLanguage":"pl-PL","@id":"https:\/\/ubezpieczenia.berlin\/#\/schema\/logo\/image\/","url":"http:\/\/ubezpieczenia.berlin\/wp-content\/uploads\/2018\/04\/Urbanowicz-\u0141ukasz-ubezpieczenia-w-Niemczech.jpg","contentUrl":"http:\/\/ubezpieczenia.berlin\/wp-content\/uploads\/2018\/04\/Urbanowicz-\u0141ukasz-ubezpieczenia-w-Niemczech.jpg","width":765,"height":217,"caption":"Urbanowicz \u0141ukasz Versicherungsmakler"},"image":{"@id":"https:\/\/ubezpieczenia.berlin\/#\/schema\/logo\/image\/"},"sameAs":["https:\/\/www.facebook.com\/UrbanowiczLukas\/","https:\/\/www.instagram.com\/urbanowiczlukas\/"]}]}},"_links":{"self":[{"href":"https:\/\/ubezpieczenia.berlin\/index.php\/wp-json\/wp\/v2\/pages\/855","targetHints":{"allow":["GET"]}}],"collection":[{"href":"https:\/\/ubezpieczenia.berlin\/index.php\/wp-json\/wp\/v2\/pages"}],"about":[{"href":"https:\/\/ubezpieczenia.berlin\/index.php\/wp-json\/wp\/v2\/types\/page"}],"author":[{"embeddable":true,"href":"https:\/\/ubezpieczenia.berlin\/index.php\/wp-json\/wp\/v2\/users\/1"}],"replies":[{"embeddable":true,"href":"https:\/\/ubezpieczenia.berlin\/index.php\/wp-json\/wp\/v2\/comments?post=855"}],"version-history":[{"count":8,"href":"https:\/\/ubezpieczenia.berlin\/index.php\/wp-json\/wp\/v2\/pages\/855\/revisions"}],"predecessor-version":[{"id":1761,"href":"https:\/\/ubezpieczenia.berlin\/index.php\/wp-json\/wp\/v2\/pages\/855\/revisions\/1761"}],"wp:featuredmedia":[{"embeddable":true,"href":"https:\/\/ubezpieczenia.berlin\/index.php\/wp-json\/wp\/v2\/media\/856"}],"wp:attachment":[{"href":"https:\/\/ubezpieczenia.berlin\/index.php\/wp-json\/wp\/v2\/media?parent=855"}],"curies":[{"name":"wp","href":"https:\/\/api.w.org\/{rel}","templated":true}]}}