{"id":851,"date":"2018-09-23T15:51:34","date_gmt":"2018-09-23T13:51:34","guid":{"rendered":"http:\/\/ubezpieczenia.berlin\/?page_id=851"},"modified":"2018-09-23T18:48:27","modified_gmt":"2018-09-23T16:48:27","slug":"kalkulator-ubezpieczenie-hausrat","status":"publish","type":"page","link":"https:\/\/ubezpieczenia.berlin\/index.php\/kalkulator-ubezpieczenie-hausrat\/","title":{"rendered":"Kalkulator &#8211; Ubezpieczenie Hausrat"},"content":{"rendered":"<div id=\"comp-jlqdrvxi\" class=\"txtNew\" data-packed=\"false\" data-min-height=\"138\">\n<h2 class=\"font_0\"><strong><span class=\"color_15\">Kalkulator &#8211; Ubezpieczenie Hausrat &#8211; maj\u0105tku ruchomego w Niemczech<\/span><\/strong><\/h2>\n<p class=\"font_7\" style=\"text-align: left;\">Korzystaj\u0105c z poni\u017cszego kalkulatora, mo\u017cesz samemu wyliczy\u0107 sk\u0142adk\u0119 ubezpieczeniow\u0105, por\u00f3wna\u0107 taryfy i ceny wi\u0119kszo\u015bci ubezpiecze\u0144 w Niemczech, a nast\u0119pnie zawrze\u0107 umow\u0119 na wybrane ubezpieczenie.<\/p>\n<p><em>Po zawarciu umowy ubezpieczenia, potwierdzenia wraz z dokumentacj\u0105 przychodz\u0105 na skrzynk\u0119 email. Polisa &#8211; najcz\u0119\u015bciej poczt\u0105 klasyczn\u0105 (w zale\u017cno\u015bci od ubezpieczyciela &#8211; cz\u0119\u015b\u0107 z firm ubezpieczeniowych korzysta wy\u0142\u0105cznie z komunikacji mailowej)<\/em><\/p>\n<\/div>\n<p style=\"text-align: left;\"><strong>Kalulacja jest bezp\u0142atna i niewi\u0105\u017c\u0105ca.<\/strong><\/p>\n<p style=\"text-align: left;\"><span style=\"color: #800000;\"><strong>Potrzebujesz pomocy?\u00a0zadzwo\u0144 do mnie! 0175 11 95 608<\/strong><\/span><\/p>\n<p><iframe loading=\"lazy\" src=\"https:\/\/lotse.softfair-server.de\/b2c\/#\/ergebnis\/hr?userexid=b42d2e18-773c-11e6-8000-b0ea70511c93\" width=\"965\" height=\"2800\" frameborder=\"0\" allowfullscreen=\"allowfullscreen\"><\/iframe><\/p>\n","protected":false},"excerpt":{"rendered":"<p>Kalkulator &#8211; Ubezpieczenie Hausrat &#8211; maj\u0105tku ruchomego w Niemczech Korzystaj\u0105c z poni\u017cszego kalkulatora, mo\u017cesz samemu wyliczy\u0107 sk\u0142adk\u0119 ubezpieczeniow\u0105, por\u00f3wna\u0107 taryfy i ceny wi\u0119kszo\u015bci ubezpiecze\u0144 w Niemczech, a nast\u0119pnie zawrze\u0107 umow\u0119 na wybrane ubezpieczenie. Po zawarciu umowy ubezpieczenia, potwierdzenia wraz z dokumentacj\u0105 przychodz\u0105 na skrzynk\u0119 email. Polisa &#8211; najcz\u0119\u015bciej poczt\u0105 klasyczn\u0105 (w zale\u017cno\u015bci od ubezpieczyciela &#8211; [&hellip;]<\/p>\n","protected":false},"author":1,"featured_media":510,"parent":0,"menu_order":0,"comment_status":"closed","ping_status":"closed","template":"","meta":{"_exactmetrics_skip_tracking":false,"_exactmetrics_sitenote_active":false,"_exactmetrics_sitenote_note":"","_exactmetrics_sitenote_category":0,"footnotes":""},"class_list":["post-851","page","type-page","status-publish","has-post-thumbnail","czr-hentry"],"yoast_head":"<!-- This site is optimized with the Yoast SEO plugin v27.4 - https:\/\/yoast.com\/product\/yoast-seo-wordpress\/ -->\n<title>Kalkulator - Ubezpieczenie Hausrat &#8212; Urbanowicz \u0141ukasz<\/title>\n<meta name=\"description\" content=\"Hausrat w Niemczech, ubezpieczenie maj\u0105tku ruchomego w Niemczech - bezp\u0142atna kalkulacja. Oblicz i por\u00f3wnaj oferty ubezpiecze\u0144 w Niemczech!\" \/>\n<meta name=\"robots\" content=\"index, follow, max-snippet:-1, max-image-preview:large, max-video-preview:-1\" \/>\n<link rel=\"canonical\" href=\"https:\/\/ubezpieczenia.berlin\/index.php\/kalkulator-ubezpieczenie-hausrat\/\" \/>\n<meta property=\"og:locale\" content=\"pl_PL\" \/>\n<meta property=\"og:type\" content=\"article\" \/>\n<meta property=\"og:title\" content=\"Kalkulator - Ubezpieczenie Hausrat &#8212; Urbanowicz \u0141ukasz\" \/>\n<meta property=\"og:description\" content=\"Hausrat w Niemczech, ubezpieczenie maj\u0105tku ruchomego w Niemczech - bezp\u0142atna kalkulacja. Oblicz i por\u00f3wnaj oferty ubezpiecze\u0144 w Niemczech!\" \/>\n<meta property=\"og:url\" content=\"https:\/\/ubezpieczenia.berlin\/index.php\/kalkulator-ubezpieczenie-hausrat\/\" \/>\n<meta property=\"og:site_name\" content=\"Urbanowicz \u0141ukasz\" \/>\n<meta property=\"article:publisher\" content=\"https:\/\/www.facebook.com\/UrbanowiczLukas\/\" \/>\n<meta property=\"article:modified_time\" content=\"2018-09-23T16:48:27+00:00\" \/>\n<meta property=\"og:image\" content=\"https:\/\/ubezpieczenia.berlin\/wp-content\/uploads\/2018\/09\/Hausratversicherung.jpg\" \/>\n\t<meta property=\"og:image:width\" content=\"1920\" \/>\n\t<meta property=\"og:image:height\" content=\"1280\" \/>\n\t<meta property=\"og:image:type\" content=\"image\/jpeg\" \/>\n<meta name=\"twitter:card\" content=\"summary_large_image\" \/>\n<script type=\"application\/ld+json\" class=\"yoast-schema-graph\">{\"@context\":\"https:\\\/\\\/schema.org\",\"@graph\":[{\"@type\":\"WebPage\",\"@id\":\"https:\\\/\\\/ubezpieczenia.berlin\\\/index.php\\\/kalkulator-ubezpieczenie-hausrat\\\/\",\"url\":\"https:\\\/\\\/ubezpieczenia.berlin\\\/index.php\\\/kalkulator-ubezpieczenie-hausrat\\\/\",\"name\":\"Kalkulator - Ubezpieczenie Hausrat &#8212; Urbanowicz \u0141ukasz\",\"isPartOf\":{\"@id\":\"https:\\\/\\\/ubezpieczenia.berlin\\\/#website\"},\"primaryImageOfPage\":{\"@id\":\"https:\\\/\\\/ubezpieczenia.berlin\\\/index.php\\\/kalkulator-ubezpieczenie-hausrat\\\/#primaryimage\"},\"image\":{\"@id\":\"https:\\\/\\\/ubezpieczenia.berlin\\\/index.php\\\/kalkulator-ubezpieczenie-hausrat\\\/#primaryimage\"},\"thumbnailUrl\":\"https:\\\/\\\/ubezpieczenia.berlin\\\/wp-content\\\/uploads\\\/2018\\\/09\\\/Hausratversicherung.jpg\",\"datePublished\":\"2018-09-23T13:51:34+00:00\",\"dateModified\":\"2018-09-23T16:48:27+00:00\",\"description\":\"Hausrat w Niemczech, ubezpieczenie maj\u0105tku ruchomego w Niemczech - bezp\u0142atna kalkulacja. Oblicz i por\u00f3wnaj oferty ubezpiecze\u0144 w Niemczech!\",\"breadcrumb\":{\"@id\":\"https:\\\/\\\/ubezpieczenia.berlin\\\/index.php\\\/kalkulator-ubezpieczenie-hausrat\\\/#breadcrumb\"},\"inLanguage\":\"pl-PL\",\"potentialAction\":[{\"@type\":\"ReadAction\",\"target\":[\"https:\\\/\\\/ubezpieczenia.berlin\\\/index.php\\\/kalkulator-ubezpieczenie-hausrat\\\/\"]}]},{\"@type\":\"ImageObject\",\"inLanguage\":\"pl-PL\",\"@id\":\"https:\\\/\\\/ubezpieczenia.berlin\\\/index.php\\\/kalkulator-ubezpieczenie-hausrat\\\/#primaryimage\",\"url\":\"https:\\\/\\\/ubezpieczenia.berlin\\\/wp-content\\\/uploads\\\/2018\\\/09\\\/Hausratversicherung.jpg\",\"contentUrl\":\"https:\\\/\\\/ubezpieczenia.berlin\\\/wp-content\\\/uploads\\\/2018\\\/09\\\/Hausratversicherung.jpg\",\"width\":1920,\"height\":1280,\"caption\":\"Hausratversicherung\"},{\"@type\":\"BreadcrumbList\",\"@id\":\"https:\\\/\\\/ubezpieczenia.berlin\\\/index.php\\\/kalkulator-ubezpieczenie-hausrat\\\/#breadcrumb\",\"itemListElement\":[{\"@type\":\"ListItem\",\"position\":1,\"name\":\"Strona g\u0142\u00f3wna\",\"item\":\"https:\\\/\\\/ubezpieczenia.berlin\\\/\"},{\"@type\":\"ListItem\",\"position\":2,\"name\":\"Kalkulator &#8211; Ubezpieczenie Hausrat\"}]},{\"@type\":\"WebSite\",\"@id\":\"https:\\\/\\\/ubezpieczenia.berlin\\\/#website\",\"url\":\"https:\\\/\\\/ubezpieczenia.berlin\\\/\",\"name\":\"Ubezpiezpieczenia w Berlinie\",\"description\":\"\",\"publisher\":{\"@id\":\"https:\\\/\\\/ubezpieczenia.berlin\\\/#organization\"},\"potentialAction\":[{\"@type\":\"SearchAction\",\"target\":{\"@type\":\"EntryPoint\",\"urlTemplate\":\"https:\\\/\\\/ubezpieczenia.berlin\\\/?s={search_term_string}\"},\"query-input\":{\"@type\":\"PropertyValueSpecification\",\"valueRequired\":true,\"valueName\":\"search_term_string\"}}],\"inLanguage\":\"pl-PL\"},{\"@type\":\"Organization\",\"@id\":\"https:\\\/\\\/ubezpieczenia.berlin\\\/#organization\",\"name\":\"Urbanowicz \u0141ukasz Versicherungsmakler\",\"url\":\"https:\\\/\\\/ubezpieczenia.berlin\\\/\",\"logo\":{\"@type\":\"ImageObject\",\"inLanguage\":\"pl-PL\",\"@id\":\"https:\\\/\\\/ubezpieczenia.berlin\\\/#\\\/schema\\\/logo\\\/image\\\/\",\"url\":\"http:\\\/\\\/ubezpieczenia.berlin\\\/wp-content\\\/uploads\\\/2018\\\/04\\\/Urbanowicz-\u0141ukasz-ubezpieczenia-w-Niemczech.jpg\",\"contentUrl\":\"http:\\\/\\\/ubezpieczenia.berlin\\\/wp-content\\\/uploads\\\/2018\\\/04\\\/Urbanowicz-\u0141ukasz-ubezpieczenia-w-Niemczech.jpg\",\"width\":765,\"height\":217,\"caption\":\"Urbanowicz \u0141ukasz Versicherungsmakler\"},\"image\":{\"@id\":\"https:\\\/\\\/ubezpieczenia.berlin\\\/#\\\/schema\\\/logo\\\/image\\\/\"},\"sameAs\":[\"https:\\\/\\\/www.facebook.com\\\/UrbanowiczLukas\\\/\",\"https:\\\/\\\/www.instagram.com\\\/urbanowiczlukas\\\/\"]}]}<\/script>\n<!-- \/ Yoast SEO plugin. -->","yoast_head_json":{"title":"Kalkulator - Ubezpieczenie Hausrat &#8212; Urbanowicz \u0141ukasz","description":"Hausrat w Niemczech, ubezpieczenie maj\u0105tku ruchomego w Niemczech - bezp\u0142atna kalkulacja. Oblicz i por\u00f3wnaj oferty ubezpiecze\u0144 w Niemczech!","robots":{"index":"index","follow":"follow","max-snippet":"max-snippet:-1","max-image-preview":"max-image-preview:large","max-video-preview":"max-video-preview:-1"},"canonical":"https:\/\/ubezpieczenia.berlin\/index.php\/kalkulator-ubezpieczenie-hausrat\/","og_locale":"pl_PL","og_type":"article","og_title":"Kalkulator - Ubezpieczenie Hausrat &#8212; Urbanowicz \u0141ukasz","og_description":"Hausrat w Niemczech, ubezpieczenie maj\u0105tku ruchomego w Niemczech - bezp\u0142atna kalkulacja. Oblicz i por\u00f3wnaj oferty ubezpiecze\u0144 w Niemczech!","og_url":"https:\/\/ubezpieczenia.berlin\/index.php\/kalkulator-ubezpieczenie-hausrat\/","og_site_name":"Urbanowicz \u0141ukasz","article_publisher":"https:\/\/www.facebook.com\/UrbanowiczLukas\/","article_modified_time":"2018-09-23T16:48:27+00:00","og_image":[{"width":1920,"height":1280,"url":"https:\/\/ubezpieczenia.berlin\/wp-content\/uploads\/2018\/09\/Hausratversicherung.jpg","type":"image\/jpeg"}],"twitter_card":"summary_large_image","schema":{"@context":"https:\/\/schema.org","@graph":[{"@type":"WebPage","@id":"https:\/\/ubezpieczenia.berlin\/index.php\/kalkulator-ubezpieczenie-hausrat\/","url":"https:\/\/ubezpieczenia.berlin\/index.php\/kalkulator-ubezpieczenie-hausrat\/","name":"Kalkulator - Ubezpieczenie Hausrat &#8212; Urbanowicz \u0141ukasz","isPartOf":{"@id":"https:\/\/ubezpieczenia.berlin\/#website"},"primaryImageOfPage":{"@id":"https:\/\/ubezpieczenia.berlin\/index.php\/kalkulator-ubezpieczenie-hausrat\/#primaryimage"},"image":{"@id":"https:\/\/ubezpieczenia.berlin\/index.php\/kalkulator-ubezpieczenie-hausrat\/#primaryimage"},"thumbnailUrl":"https:\/\/ubezpieczenia.berlin\/wp-content\/uploads\/2018\/09\/Hausratversicherung.jpg","datePublished":"2018-09-23T13:51:34+00:00","dateModified":"2018-09-23T16:48:27+00:00","description":"Hausrat w Niemczech, ubezpieczenie maj\u0105tku ruchomego w Niemczech - bezp\u0142atna kalkulacja. Oblicz i por\u00f3wnaj oferty ubezpiecze\u0144 w Niemczech!","breadcrumb":{"@id":"https:\/\/ubezpieczenia.berlin\/index.php\/kalkulator-ubezpieczenie-hausrat\/#breadcrumb"},"inLanguage":"pl-PL","potentialAction":[{"@type":"ReadAction","target":["https:\/\/ubezpieczenia.berlin\/index.php\/kalkulator-ubezpieczenie-hausrat\/"]}]},{"@type":"ImageObject","inLanguage":"pl-PL","@id":"https:\/\/ubezpieczenia.berlin\/index.php\/kalkulator-ubezpieczenie-hausrat\/#primaryimage","url":"https:\/\/ubezpieczenia.berlin\/wp-content\/uploads\/2018\/09\/Hausratversicherung.jpg","contentUrl":"https:\/\/ubezpieczenia.berlin\/wp-content\/uploads\/2018\/09\/Hausratversicherung.jpg","width":1920,"height":1280,"caption":"Hausratversicherung"},{"@type":"BreadcrumbList","@id":"https:\/\/ubezpieczenia.berlin\/index.php\/kalkulator-ubezpieczenie-hausrat\/#breadcrumb","itemListElement":[{"@type":"ListItem","position":1,"name":"Strona g\u0142\u00f3wna","item":"https:\/\/ubezpieczenia.berlin\/"},{"@type":"ListItem","position":2,"name":"Kalkulator &#8211; Ubezpieczenie Hausrat"}]},{"@type":"WebSite","@id":"https:\/\/ubezpieczenia.berlin\/#website","url":"https:\/\/ubezpieczenia.berlin\/","name":"Ubezpiezpieczenia w Berlinie","description":"","publisher":{"@id":"https:\/\/ubezpieczenia.berlin\/#organization"},"potentialAction":[{"@type":"SearchAction","target":{"@type":"EntryPoint","urlTemplate":"https:\/\/ubezpieczenia.berlin\/?s={search_term_string}"},"query-input":{"@type":"PropertyValueSpecification","valueRequired":true,"valueName":"search_term_string"}}],"inLanguage":"pl-PL"},{"@type":"Organization","@id":"https:\/\/ubezpieczenia.berlin\/#organization","name":"Urbanowicz \u0141ukasz Versicherungsmakler","url":"https:\/\/ubezpieczenia.berlin\/","logo":{"@type":"ImageObject","inLanguage":"pl-PL","@id":"https:\/\/ubezpieczenia.berlin\/#\/schema\/logo\/image\/","url":"http:\/\/ubezpieczenia.berlin\/wp-content\/uploads\/2018\/04\/Urbanowicz-\u0141ukasz-ubezpieczenia-w-Niemczech.jpg","contentUrl":"http:\/\/ubezpieczenia.berlin\/wp-content\/uploads\/2018\/04\/Urbanowicz-\u0141ukasz-ubezpieczenia-w-Niemczech.jpg","width":765,"height":217,"caption":"Urbanowicz \u0141ukasz Versicherungsmakler"},"image":{"@id":"https:\/\/ubezpieczenia.berlin\/#\/schema\/logo\/image\/"},"sameAs":["https:\/\/www.facebook.com\/UrbanowiczLukas\/","https:\/\/www.instagram.com\/urbanowiczlukas\/"]}]}},"_links":{"self":[{"href":"https:\/\/ubezpieczenia.berlin\/index.php\/wp-json\/wp\/v2\/pages\/851","targetHints":{"allow":["GET"]}}],"collection":[{"href":"https:\/\/ubezpieczenia.berlin\/index.php\/wp-json\/wp\/v2\/pages"}],"about":[{"href":"https:\/\/ubezpieczenia.berlin\/index.php\/wp-json\/wp\/v2\/types\/page"}],"author":[{"embeddable":true,"href":"https:\/\/ubezpieczenia.berlin\/index.php\/wp-json\/wp\/v2\/users\/1"}],"replies":[{"embeddable":true,"href":"https:\/\/ubezpieczenia.berlin\/index.php\/wp-json\/wp\/v2\/comments?post=851"}],"version-history":[{"count":3,"href":"https:\/\/ubezpieczenia.berlin\/index.php\/wp-json\/wp\/v2\/pages\/851\/revisions"}],"predecessor-version":[{"id":958,"href":"https:\/\/ubezpieczenia.berlin\/index.php\/wp-json\/wp\/v2\/pages\/851\/revisions\/958"}],"wp:featuredmedia":[{"embeddable":true,"href":"https:\/\/ubezpieczenia.berlin\/index.php\/wp-json\/wp\/v2\/media\/510"}],"wp:attachment":[{"href":"https:\/\/ubezpieczenia.berlin\/index.php\/wp-json\/wp\/v2\/media?parent=851"}],"curies":[{"name":"wp","href":"https:\/\/api.w.org\/{rel}","templated":true}]}}