{"id":848,"date":"2018-09-23T15:49:30","date_gmt":"2018-09-23T13:49:30","guid":{"rendered":"http:\/\/ubezpieczenia.berlin\/?page_id=848"},"modified":"2023-03-14T11:37:18","modified_gmt":"2023-03-14T10:37:18","slug":"kalkulator-ubezpieczenie-motocykla-w-niemczech","status":"publish","type":"page","link":"https:\/\/ubezpieczenia.berlin\/index.php\/kalkulator-ubezpieczenie-motocykla-w-niemczech\/","title":{"rendered":"Kalkulator &#8211; Ubezpieczenie motocykla w Niemczech"},"content":{"rendered":"<div id=\"comp-jlqdrvxi\" class=\"txtNew\" data-packed=\"false\" data-min-height=\"138\">\n<p style=\"text-align: justify;\">Po wyje\u017adzie do naszych zachodnich s\u0105siad\u00f3w warto dowiedzie\u0107 si\u0119, w jaki spos\u00f3b zabezpieczy\u0107 mienie przed uszkodzeniami, kradzie\u017c\u0105, a tak\u017ce \u2013 szkodami wyrz\u0105dzonymi osobom trzecim w zwi\u0105zku z jego posiadaniem. Ubezpieczenie motocykla w Niemczech to bardzo cz\u0119sto wybierana metoda ochrony pojazdu jedno\u015bladowego. Nic zreszt\u0105 dziwnego \u2013 to jeden z najwi\u0119kszych rynk\u00f3w motocyklowych w Europie. Podobnie, jak w Polsce, w Niemczech posiadacze pojazd\u00f3w mechanicznych r\u00f3wnie\u017c s\u0105 zobowi\u0105zani do wykupienia obowi\u0105zkowego OC \u2013 w przeciwnym razie motocykla nie b\u0119dzie mo\u017cna legalnie zarejestrowa\u0107. Poni\u017cszy kalkulator to narz\u0119dzie, kt\u00f3re pomo\u017ce Ci w znalezieniu odpowiadaj\u0105cego Ci stopnia ochrony pojazdu.<\/p>\n<p style=\"text-align: justify;\">Poznaj dost\u0119pne oferty w kilku krokach<\/p>\n<p style=\"text-align: justify;\">Zastosuj nasz kalkulator ubezpiecze\u0144 na motocykl, by znale\u017a\u0107 umow\u0119 dostosowan\u0105 do Twoich potrzeb i wymaga\u0144. Znajd\u017a opcj\u0119, dzi\u0119ki kt\u00f3rej ochronisz si\u0119 przed wydatkami zwi\u0105zanym z napraw\u0105 motocykla po wypadku, kosztami leczenia, a tak\u017ce kradzie\u017c\u0105 lub zniszczeniem pojazdu wskutek zdarze\u0144 losowych.<\/p>\n<p style=\"text-align: justify;\">Korzystaj\u0105c z poni\u017cszego kalkulatora, mo\u017cesz samemu wyliczy\u0107 sk\u0142adk\u0119 ubezpieczeniow\u0105, por\u00f3wna\u0107 taryfy i ceny wi\u0119kszo\u015bci ubezpiecze\u0144 w Niemczech, a nast\u0119pnie zawrze\u0107 umow\u0119 na wybrane z nich.<\/p>\n<p style=\"text-align: justify;\">Po zawarciu umowy ubezpieczenia, potwierdzenia wraz z dokumentacj\u0105 przychodz\u0105 na skrzynk\u0119 email. Polisa \u2013 najcz\u0119\u015bciej poczt\u0105 klasyczn\u0105 (w zale\u017cno\u015bci od ubezpieczyciela \u2013 cz\u0119\u015b\u0107 z firm ubezpieczeniowych korzysta wy\u0142\u0105cznie z komunikacji mailowej)<\/p>\n<\/div>\n<p style=\"text-align: justify;\"><strong>Kalulacja jest bezp\u0142atna i niewi\u0105\u017c\u0105ca.<\/strong><\/p>\n<p><a href=\"https:\/\/ubezpieczenia.berlin\/index.php\/pojazd-oferta-ubezpieczenia\/\"><strong>Mo\u017cesz te\u017c skorzysta\u0107 z naszego formularza! Bezp\u0142atnie przygotujemy dla Ciebie ofert\u0119 ubezpieczenia.<\/strong><\/a><\/p>\n<p><a href=\"https:\/\/ubezpieczenia.berlin\/index.php\/pojazd-oferta-ubezpieczenia\/\"><img loading=\"lazy\" decoding=\"async\" class=\"alignnone wp-image-994 size-medium\" title=\"bezp\u0142atna oferta ubezpieczenia pojazdu\" src=\"https:\/\/ubezpieczenia.berlin\/wp-content\/uploads\/2020\/04\/auto-oferta-1-300x67.png\" alt=\"bezp\u0142atna oferta ubezpieczenia pojazdu\" width=\"300\" height=\"67\" srcset=\"https:\/\/ubezpieczenia.berlin\/wp-content\/uploads\/2020\/04\/auto-oferta-1-300x67.png 300w, https:\/\/ubezpieczenia.berlin\/wp-content\/uploads\/2020\/04\/auto-oferta-1.png 600w\" sizes=\"auto, (max-width: 300px) 100vw, 300px\" \/><\/a><\/p>\n<p style=\"text-align: left;\"><span style=\"color: #800000;\"><strong>Potrzebujesz pomocy?\u00a0zadzwo\u0144 do mnie! 0175 11 95 608<\/strong><\/span><\/p>\n<div id=\"tcpp-iframe-mot\" style=\"width: 100%;\"><\/div>\n<p><script src=\"https:\/\/form.partner-versicherung.de\/widgets\/92026\/tcpp-iframe-mot\/mot-iframe.js\"><\/script><\/p>\n","protected":false},"excerpt":{"rendered":"<p>Po wyje\u017adzie do naszych zachodnich s\u0105siad\u00f3w warto dowiedzie\u0107 si\u0119, w jaki spos\u00f3b zabezpieczy\u0107 mienie przed uszkodzeniami, kradzie\u017c\u0105, a tak\u017ce \u2013 szkodami wyrz\u0105dzonymi osobom trzecim w zwi\u0105zku z jego posiadaniem. Ubezpieczenie motocykla w Niemczech to bardzo cz\u0119sto wybierana metoda ochrony pojazdu jedno\u015bladowego. Nic zreszt\u0105 dziwnego \u2013 to jeden z najwi\u0119kszych rynk\u00f3w motocyklowych w Europie. Podobnie, jak [&hellip;]<\/p>\n","protected":false},"author":1,"featured_media":854,"parent":0,"menu_order":0,"comment_status":"closed","ping_status":"closed","template":"","meta":{"_exactmetrics_skip_tracking":false,"_exactmetrics_sitenote_active":false,"_exactmetrics_sitenote_note":"","_exactmetrics_sitenote_category":0,"footnotes":""},"class_list":["post-848","page","type-page","status-publish","has-post-thumbnail","czr-hentry"],"yoast_head":"<!-- This site is optimized with the Yoast SEO plugin v27.4 - https:\/\/yoast.com\/product\/yoast-seo-wordpress\/ -->\n<title>Kalkulator - Ubezpieczenie motocykla w Niemczech &#8212; Urbanowicz \u0141ukasz<\/title>\n<meta name=\"description\" content=\"ubezpieczenie motycykla w Niemczech. Bezp\u0142atna kalkulacja. Oblicz i por\u00f3wnaj oferty ubezpiecze\u0144 w Niemczech. Sprawd\u017a, ile mo\u017cesz zaoszcz\u0119dzi\u0107!\" \/>\n<meta name=\"robots\" content=\"index, follow, max-snippet:-1, max-image-preview:large, max-video-preview:-1\" \/>\n<link rel=\"canonical\" href=\"https:\/\/ubezpieczenia.berlin\/index.php\/kalkulator-ubezpieczenie-motocykla-w-niemczech\/\" \/>\n<meta property=\"og:locale\" content=\"pl_PL\" \/>\n<meta property=\"og:type\" content=\"article\" \/>\n<meta property=\"og:title\" content=\"Kalkulator - Ubezpieczenie motocykla w Niemczech &#8212; Urbanowicz \u0141ukasz\" \/>\n<meta property=\"og:description\" content=\"ubezpieczenie motycykla w Niemczech. Bezp\u0142atna kalkulacja. Oblicz i por\u00f3wnaj oferty ubezpiecze\u0144 w Niemczech. Sprawd\u017a, ile mo\u017cesz zaoszcz\u0119dzi\u0107!\" \/>\n<meta property=\"og:url\" content=\"https:\/\/ubezpieczenia.berlin\/index.php\/kalkulator-ubezpieczenie-motocykla-w-niemczech\/\" \/>\n<meta property=\"og:site_name\" content=\"Urbanowicz \u0141ukasz\" \/>\n<meta property=\"article:publisher\" content=\"https:\/\/www.facebook.com\/UrbanowiczLukas\/\" \/>\n<meta property=\"article:modified_time\" content=\"2023-03-14T10:37:18+00:00\" \/>\n<meta property=\"og:image\" content=\"https:\/\/ubezpieczenia.berlin\/wp-content\/uploads\/2018\/09\/motorcycle-1148963_1280.jpg\" \/>\n\t<meta property=\"og:image:width\" content=\"1280\" \/>\n\t<meta property=\"og:image:height\" content=\"851\" \/>\n\t<meta property=\"og:image:type\" content=\"image\/jpeg\" \/>\n<meta name=\"twitter:card\" content=\"summary_large_image\" \/>\n<meta name=\"twitter:label1\" content=\"Szacowany czas czytania\" \/>\n\t<meta name=\"twitter:data1\" content=\"2 minuty\" \/>\n<script type=\"application\/ld+json\" class=\"yoast-schema-graph\">{\"@context\":\"https:\\\/\\\/schema.org\",\"@graph\":[{\"@type\":\"WebPage\",\"@id\":\"https:\\\/\\\/ubezpieczenia.berlin\\\/index.php\\\/kalkulator-ubezpieczenie-motocykla-w-niemczech\\\/\",\"url\":\"https:\\\/\\\/ubezpieczenia.berlin\\\/index.php\\\/kalkulator-ubezpieczenie-motocykla-w-niemczech\\\/\",\"name\":\"Kalkulator - Ubezpieczenie motocykla w Niemczech &#8212; Urbanowicz \u0141ukasz\",\"isPartOf\":{\"@id\":\"https:\\\/\\\/ubezpieczenia.berlin\\\/#website\"},\"primaryImageOfPage\":{\"@id\":\"https:\\\/\\\/ubezpieczenia.berlin\\\/index.php\\\/kalkulator-ubezpieczenie-motocykla-w-niemczech\\\/#primaryimage\"},\"image\":{\"@id\":\"https:\\\/\\\/ubezpieczenia.berlin\\\/index.php\\\/kalkulator-ubezpieczenie-motocykla-w-niemczech\\\/#primaryimage\"},\"thumbnailUrl\":\"https:\\\/\\\/ubezpieczenia.berlin\\\/wp-content\\\/uploads\\\/2018\\\/09\\\/motorcycle-1148963_1280.jpg\",\"datePublished\":\"2018-09-23T13:49:30+00:00\",\"dateModified\":\"2023-03-14T10:37:18+00:00\",\"description\":\"ubezpieczenie motycykla w Niemczech. Bezp\u0142atna kalkulacja. Oblicz i por\u00f3wnaj oferty ubezpiecze\u0144 w Niemczech. Sprawd\u017a, ile mo\u017cesz zaoszcz\u0119dzi\u0107!\",\"breadcrumb\":{\"@id\":\"https:\\\/\\\/ubezpieczenia.berlin\\\/index.php\\\/kalkulator-ubezpieczenie-motocykla-w-niemczech\\\/#breadcrumb\"},\"inLanguage\":\"pl-PL\",\"potentialAction\":[{\"@type\":\"ReadAction\",\"target\":[\"https:\\\/\\\/ubezpieczenia.berlin\\\/index.php\\\/kalkulator-ubezpieczenie-motocykla-w-niemczech\\\/\"]}]},{\"@type\":\"ImageObject\",\"inLanguage\":\"pl-PL\",\"@id\":\"https:\\\/\\\/ubezpieczenia.berlin\\\/index.php\\\/kalkulator-ubezpieczenie-motocykla-w-niemczech\\\/#primaryimage\",\"url\":\"https:\\\/\\\/ubezpieczenia.berlin\\\/wp-content\\\/uploads\\\/2018\\\/09\\\/motorcycle-1148963_1280.jpg\",\"contentUrl\":\"https:\\\/\\\/ubezpieczenia.berlin\\\/wp-content\\\/uploads\\\/2018\\\/09\\\/motorcycle-1148963_1280.jpg\",\"width\":1280,\"height\":851,\"caption\":\"Ubezpieczenie Motorradversicherung\"},{\"@type\":\"BreadcrumbList\",\"@id\":\"https:\\\/\\\/ubezpieczenia.berlin\\\/index.php\\\/kalkulator-ubezpieczenie-motocykla-w-niemczech\\\/#breadcrumb\",\"itemListElement\":[{\"@type\":\"ListItem\",\"position\":1,\"name\":\"Strona g\u0142\u00f3wna\",\"item\":\"https:\\\/\\\/ubezpieczenia.berlin\\\/\"},{\"@type\":\"ListItem\",\"position\":2,\"name\":\"Kalkulator &#8211; Ubezpieczenie motocykla w Niemczech\"}]},{\"@type\":\"WebSite\",\"@id\":\"https:\\\/\\\/ubezpieczenia.berlin\\\/#website\",\"url\":\"https:\\\/\\\/ubezpieczenia.berlin\\\/\",\"name\":\"Ubezpiezpieczenia w Berlinie\",\"description\":\"\",\"publisher\":{\"@id\":\"https:\\\/\\\/ubezpieczenia.berlin\\\/#organization\"},\"potentialAction\":[{\"@type\":\"SearchAction\",\"target\":{\"@type\":\"EntryPoint\",\"urlTemplate\":\"https:\\\/\\\/ubezpieczenia.berlin\\\/?s={search_term_string}\"},\"query-input\":{\"@type\":\"PropertyValueSpecification\",\"valueRequired\":true,\"valueName\":\"search_term_string\"}}],\"inLanguage\":\"pl-PL\"},{\"@type\":\"Organization\",\"@id\":\"https:\\\/\\\/ubezpieczenia.berlin\\\/#organization\",\"name\":\"Urbanowicz \u0141ukasz Versicherungsmakler\",\"url\":\"https:\\\/\\\/ubezpieczenia.berlin\\\/\",\"logo\":{\"@type\":\"ImageObject\",\"inLanguage\":\"pl-PL\",\"@id\":\"https:\\\/\\\/ubezpieczenia.berlin\\\/#\\\/schema\\\/logo\\\/image\\\/\",\"url\":\"http:\\\/\\\/ubezpieczenia.berlin\\\/wp-content\\\/uploads\\\/2018\\\/04\\\/Urbanowicz-\u0141ukasz-ubezpieczenia-w-Niemczech.jpg\",\"contentUrl\":\"http:\\\/\\\/ubezpieczenia.berlin\\\/wp-content\\\/uploads\\\/2018\\\/04\\\/Urbanowicz-\u0141ukasz-ubezpieczenia-w-Niemczech.jpg\",\"width\":765,\"height\":217,\"caption\":\"Urbanowicz \u0141ukasz Versicherungsmakler\"},\"image\":{\"@id\":\"https:\\\/\\\/ubezpieczenia.berlin\\\/#\\\/schema\\\/logo\\\/image\\\/\"},\"sameAs\":[\"https:\\\/\\\/www.facebook.com\\\/UrbanowiczLukas\\\/\",\"https:\\\/\\\/www.instagram.com\\\/urbanowiczlukas\\\/\"]}]}<\/script>\n<!-- \/ Yoast SEO plugin. -->","yoast_head_json":{"title":"Kalkulator - Ubezpieczenie motocykla w Niemczech &#8212; Urbanowicz \u0141ukasz","description":"ubezpieczenie motycykla w Niemczech. Bezp\u0142atna kalkulacja. Oblicz i por\u00f3wnaj oferty ubezpiecze\u0144 w Niemczech. Sprawd\u017a, ile mo\u017cesz zaoszcz\u0119dzi\u0107!","robots":{"index":"index","follow":"follow","max-snippet":"max-snippet:-1","max-image-preview":"max-image-preview:large","max-video-preview":"max-video-preview:-1"},"canonical":"https:\/\/ubezpieczenia.berlin\/index.php\/kalkulator-ubezpieczenie-motocykla-w-niemczech\/","og_locale":"pl_PL","og_type":"article","og_title":"Kalkulator - Ubezpieczenie motocykla w Niemczech &#8212; Urbanowicz \u0141ukasz","og_description":"ubezpieczenie motycykla w Niemczech. Bezp\u0142atna kalkulacja. Oblicz i por\u00f3wnaj oferty ubezpiecze\u0144 w Niemczech. Sprawd\u017a, ile mo\u017cesz zaoszcz\u0119dzi\u0107!","og_url":"https:\/\/ubezpieczenia.berlin\/index.php\/kalkulator-ubezpieczenie-motocykla-w-niemczech\/","og_site_name":"Urbanowicz \u0141ukasz","article_publisher":"https:\/\/www.facebook.com\/UrbanowiczLukas\/","article_modified_time":"2023-03-14T10:37:18+00:00","og_image":[{"width":1280,"height":851,"url":"https:\/\/ubezpieczenia.berlin\/wp-content\/uploads\/2018\/09\/motorcycle-1148963_1280.jpg","type":"image\/jpeg"}],"twitter_card":"summary_large_image","twitter_misc":{"Szacowany czas czytania":"2 minuty"},"schema":{"@context":"https:\/\/schema.org","@graph":[{"@type":"WebPage","@id":"https:\/\/ubezpieczenia.berlin\/index.php\/kalkulator-ubezpieczenie-motocykla-w-niemczech\/","url":"https:\/\/ubezpieczenia.berlin\/index.php\/kalkulator-ubezpieczenie-motocykla-w-niemczech\/","name":"Kalkulator - Ubezpieczenie motocykla w Niemczech &#8212; Urbanowicz \u0141ukasz","isPartOf":{"@id":"https:\/\/ubezpieczenia.berlin\/#website"},"primaryImageOfPage":{"@id":"https:\/\/ubezpieczenia.berlin\/index.php\/kalkulator-ubezpieczenie-motocykla-w-niemczech\/#primaryimage"},"image":{"@id":"https:\/\/ubezpieczenia.berlin\/index.php\/kalkulator-ubezpieczenie-motocykla-w-niemczech\/#primaryimage"},"thumbnailUrl":"https:\/\/ubezpieczenia.berlin\/wp-content\/uploads\/2018\/09\/motorcycle-1148963_1280.jpg","datePublished":"2018-09-23T13:49:30+00:00","dateModified":"2023-03-14T10:37:18+00:00","description":"ubezpieczenie motycykla w Niemczech. Bezp\u0142atna kalkulacja. Oblicz i por\u00f3wnaj oferty ubezpiecze\u0144 w Niemczech. Sprawd\u017a, ile mo\u017cesz zaoszcz\u0119dzi\u0107!","breadcrumb":{"@id":"https:\/\/ubezpieczenia.berlin\/index.php\/kalkulator-ubezpieczenie-motocykla-w-niemczech\/#breadcrumb"},"inLanguage":"pl-PL","potentialAction":[{"@type":"ReadAction","target":["https:\/\/ubezpieczenia.berlin\/index.php\/kalkulator-ubezpieczenie-motocykla-w-niemczech\/"]}]},{"@type":"ImageObject","inLanguage":"pl-PL","@id":"https:\/\/ubezpieczenia.berlin\/index.php\/kalkulator-ubezpieczenie-motocykla-w-niemczech\/#primaryimage","url":"https:\/\/ubezpieczenia.berlin\/wp-content\/uploads\/2018\/09\/motorcycle-1148963_1280.jpg","contentUrl":"https:\/\/ubezpieczenia.berlin\/wp-content\/uploads\/2018\/09\/motorcycle-1148963_1280.jpg","width":1280,"height":851,"caption":"Ubezpieczenie Motorradversicherung"},{"@type":"BreadcrumbList","@id":"https:\/\/ubezpieczenia.berlin\/index.php\/kalkulator-ubezpieczenie-motocykla-w-niemczech\/#breadcrumb","itemListElement":[{"@type":"ListItem","position":1,"name":"Strona g\u0142\u00f3wna","item":"https:\/\/ubezpieczenia.berlin\/"},{"@type":"ListItem","position":2,"name":"Kalkulator &#8211; Ubezpieczenie motocykla w Niemczech"}]},{"@type":"WebSite","@id":"https:\/\/ubezpieczenia.berlin\/#website","url":"https:\/\/ubezpieczenia.berlin\/","name":"Ubezpiezpieczenia w Berlinie","description":"","publisher":{"@id":"https:\/\/ubezpieczenia.berlin\/#organization"},"potentialAction":[{"@type":"SearchAction","target":{"@type":"EntryPoint","urlTemplate":"https:\/\/ubezpieczenia.berlin\/?s={search_term_string}"},"query-input":{"@type":"PropertyValueSpecification","valueRequired":true,"valueName":"search_term_string"}}],"inLanguage":"pl-PL"},{"@type":"Organization","@id":"https:\/\/ubezpieczenia.berlin\/#organization","name":"Urbanowicz \u0141ukasz Versicherungsmakler","url":"https:\/\/ubezpieczenia.berlin\/","logo":{"@type":"ImageObject","inLanguage":"pl-PL","@id":"https:\/\/ubezpieczenia.berlin\/#\/schema\/logo\/image\/","url":"http:\/\/ubezpieczenia.berlin\/wp-content\/uploads\/2018\/04\/Urbanowicz-\u0141ukasz-ubezpieczenia-w-Niemczech.jpg","contentUrl":"http:\/\/ubezpieczenia.berlin\/wp-content\/uploads\/2018\/04\/Urbanowicz-\u0141ukasz-ubezpieczenia-w-Niemczech.jpg","width":765,"height":217,"caption":"Urbanowicz \u0141ukasz Versicherungsmakler"},"image":{"@id":"https:\/\/ubezpieczenia.berlin\/#\/schema\/logo\/image\/"},"sameAs":["https:\/\/www.facebook.com\/UrbanowiczLukas\/","https:\/\/www.instagram.com\/urbanowiczlukas\/"]}]}},"_links":{"self":[{"href":"https:\/\/ubezpieczenia.berlin\/index.php\/wp-json\/wp\/v2\/pages\/848","targetHints":{"allow":["GET"]}}],"collection":[{"href":"https:\/\/ubezpieczenia.berlin\/index.php\/wp-json\/wp\/v2\/pages"}],"about":[{"href":"https:\/\/ubezpieczenia.berlin\/index.php\/wp-json\/wp\/v2\/types\/page"}],"author":[{"embeddable":true,"href":"https:\/\/ubezpieczenia.berlin\/index.php\/wp-json\/wp\/v2\/users\/1"}],"replies":[{"embeddable":true,"href":"https:\/\/ubezpieczenia.berlin\/index.php\/wp-json\/wp\/v2\/comments?post=848"}],"version-history":[{"count":6,"href":"https:\/\/ubezpieczenia.berlin\/index.php\/wp-json\/wp\/v2\/pages\/848\/revisions"}],"predecessor-version":[{"id":1808,"href":"https:\/\/ubezpieczenia.berlin\/index.php\/wp-json\/wp\/v2\/pages\/848\/revisions\/1808"}],"wp:featuredmedia":[{"embeddable":true,"href":"https:\/\/ubezpieczenia.berlin\/index.php\/wp-json\/wp\/v2\/media\/854"}],"wp:attachment":[{"href":"https:\/\/ubezpieczenia.berlin\/index.php\/wp-json\/wp\/v2\/media?parent=848"}],"curies":[{"name":"wp","href":"https:\/\/api.w.org\/{rel}","templated":true}]}}