{"id":379,"date":"2018-09-07T08:38:15","date_gmt":"2018-09-07T06:38:15","guid":{"rendered":"http:\/\/ubezpieczenia.berlin\/?page_id=379"},"modified":"2020-04-05T12:49:57","modified_gmt":"2020-04-05T10:49:57","slug":"ubezpiecznie-samochodu-w-niemczech","status":"publish","type":"page","link":"https:\/\/ubezpieczenia.berlin\/index.php\/ubezpiecznie-samochodu-w-niemczech\/","title":{"rendered":"Ubezpiecznie samochodu w Niemczech"},"content":{"rendered":"<div id=\"comp-iumheh58\" class=\"txtNew\" data-packed=\"true\">\n<h2><a href=\"https:\/\/ubezpieczenia.berlin\/index.php\/pojazd-oferta-ubezpieczenia\/\"><img loading=\"lazy\" decoding=\"async\" class=\"wp-image-994  alignnone\" title=\"bezp\u0142atna oferta ubezpieczenia pojazdu\" src=\"https:\/\/ubezpieczenia.berlin\/wp-content\/uploads\/2020\/04\/auto-oferta-1-300x67.png\" alt=\"bezp\u0142atna oferta ubezpieczenia pojazdu\" width=\"358\" height=\"80\" srcset=\"https:\/\/ubezpieczenia.berlin\/wp-content\/uploads\/2020\/04\/auto-oferta-1-300x67.png 300w, https:\/\/ubezpieczenia.berlin\/wp-content\/uploads\/2020\/04\/auto-oferta-1.png 600w\" sizes=\"auto, (max-width: 358px) 100vw, 358px\" \/><\/a><\/h2>\n<h2 class=\"font_2\">Kfz Haftpflichtversicherung, Teil-\u00a0und Vollkaskoversicherung<\/h2>\n<p class=\"font_8\">Zar\u00f3wno\u00a0w Polsce\u00a0jak i w Niemczech\u00a0podstawowe ubezpieczenie\u00a0OC (Kfz-Haftpflichtversicherung) jest obowi\u0105zkowe.<\/p>\n<p class=\"font_8\">Zgodnie z prawem,\u00a0minimalna suma\u00a0ubezpieczenia OC pojazdu osobowego, kt\u00f3ry porusza si\u0119 na terenie Niemiec, nie powinno by\u0107 ni\u017csze ni\u017c 7.500.000 \u20ac w szkodach osobowych, \u00a01.125.000\u20ac \u00a0w szkodach rzeczowych i 50.000\u20ac w szkodach na mieniu.<\/p>\n<h4>Poza podstawowym ubezpieczeniem OC istniej\u0105 dwa rodzaje dodatkowej ochrony Autokasko:<\/h4>\n<p class=\"font_8\">&#8211; ubezpieczenie cz\u0119\u015bciowe,\u00a0Teilkasko &#8211;\u00a0\u00a0od\u00a0nast\u0119pstw\u00a0z powodu:\u00a0po\u017caru lub\u00a0wybuchu w poje\u017adzie, kradzie\u017cy,\u00a0szk\u00f3d szyb, przyczyn\u00a0pogodowych lub\u00a0kolizji ze zwierzyn\u0105,<br \/>\n&#8211; ubezpieczenie pe\u0142ne,\u00a0Vollkasko &#8211;\u00a0zawiera wszystkie \u015bwiadczenia Teilkasko, a ponadto\u00a0pokrywa nast\u0119pstwa szk\u00f3d wyrz\u0105dzonych przez nas samych lub\u00a0wandalizm.<\/p>\n<p>Na wysoko\u015b\u0107 sk\u0142adki ubezpieczenia OC ma wp\u0142yw\u00a0wiele czynnik\u00f3w,\u00a0np.: ilo\u015b\u0107 przejechanych\u00a0kilometr\u00f3w rocznie, miejsce zarejestrowania, wiek i profil ryzyka kierowcy, miejsce parkowania pojazdu na noc, itp.\u00a0Zmiana jakiegokolwiek z tych czynnik\u00f3w powoduje\u00a0zmian\u0119\u00a0ryzyka, co wi\u0105\u017ce si\u0119 ze zmian\u0105 wysoko\u015bci sk\u0142adki ubezpieczeniowej. \u00a0W ubezpieczeniach Teil-\u00a0i Vollkasko wp\u0142yw na wysoko\u015b\u0107 sk\u0142adki maj\u0105 wiek i warto\u015b\u0107 pojazdu.<\/p>\n<p>Podobnie jak w Polsce, tak\u017ce niemieccy\u00a0ubezpieczyciele za bezszkodow\u0105 jazd\u0119 wynagradzaj\u0105 zni\u017ckami. Ich\u00a0wysoko\u015b\u0107 zale\u017cy od uzyskanej\u00a0Schadenfreiheitsklasse\u00a0&#8211;\u00a0SF.\u00a0Za ka\u017cdy pe\u0142en\u00a0rok bezszkodowej jazdy uzyskujemy 1 klas\u0119. Im wy\u017csza klasa, tym wi\u0119ksza\u00a0zni\u017cka.\u00a0System\u00a0ten\u00a0stosowany\u00a0jest\u00a0zar\u00f3wno\u00a0w\u00a0ubezpieczeniach\u00a0OC\u00a0jak\u00a0i\u00a0Vollkasko.\u00a0 Wiele\u00a0firm\u00a0ubezpieczeniowych\u00a0akceptuje lata bezszkodowej jazdy uzyskane w\u00a0Polsce lub\u00a0innych krajach.<\/p>\n<p><a href=\"http:\/\/oszczedzaj.de\/index.php\/2018\/02\/22\/przenoszenie-znizek-ubezpieczenie-oc-samochodu-polski-niemiec\/\"><strong>Tutaj znajdziesz informacje na temat przeniesienia zni\u017cek z Polski!<\/strong><\/a><\/p>\n<p>Warto sprawdza\u0107 co\u00a0roku swoje ubezpieczanie samochodowe, w ten spos\u00f3b mo\u017cna wiele\u00a0zaoszcz\u0119dzi\u0107!\u00a0Wahlarz dost\u0119pnych na rynku\u00a0ubezpiecze\u0144\u00a0wci\u0105\u017c si\u0119 zmienia.\u00a0Po up\u0142ywie roku mo\u017ce si\u0119 okaza\u0107, \u017ce za to samo lub podobne ubezpieczenie zap\u0142acimy\u00a0du\u017co mniej b\u0105d\u017a te\u017c za podobn\u0105 cen\u0119 otrzymamy ubezpieczenie oferuj\u0105ce\u00a0wi\u0119cej \u015bwiadcze\u0144.\u00a0Nie musisz sam o wszystkim pami\u0119ta\u0107 ani\u00a0brn\u0105\u0107 mozolnie przez morze niezliczonych ofert.\u00a0B\u0119d\u0105c twoim\u00a0maklerem\u00a0ubezpieczeniowym,\u00a0zrobi\u0119 to za Ciebie!<\/p>\n<h4>Do ubezpieczenia samochodu mo\u017cna jeszcze do\u0142\u0105czy\u0107:<\/h4>\n<p>&#8211; Schutzbrief\u00a0\u00a0\u00a0\u00a0\u00a0\u00a0\u00a0\u00a0\u00a0\u00a0\u00a0\u00a0\u00a0\u00a0\u00a0\u00a0\u00a0\u00a0\u00a0\u00a0\u00a0\u00a0\u00a0\u00a0\u00a0\u00a0\u00a0\u00a0\u00a0\u00a0\u00a0\u00a0\u00a0\u00a0\u00a0\u00a0\u00a0\u00a0\u00a0\u00a0\u00a0\u00a0\u00a0\u00a0\u00a0\u00a0\u00a0\u00a0\u00a0\u00a0\u00a0\u00a0\u00a0\u00a0\u00a0\u00a0\u00a0\u00a0\u00a0\u00a0\u00a0\u00a0\u00a0\u00a0\u00a0\u00a0\u00a0\u00a0\u00a0\u00a0\u00a0\u00a0\u00a0\u00a0\u00a0\u00a0\u00a0\u00a0\u00a0\u00a0\u00a0\u00a0\u00a0\u00a0\u00a0\u00a0\u00a0 Assistance<\/p>\n<p>&#8211; Fahrerschutz-Versicherung\u00a0\u00a0\u00a0\u00a0\u00a0\u00a0\u00a0\u00a0\u00a0\u00a0\u00a0\u00a0\u00a0\u00a0\u00a0\u00a0\u00a0\u00a0\u00a0\u00a0\u00a0\u00a0\u00a0\u00a0\u00a0\u00a0\u00a0\u00a0\u00a0\u00a0\u00a0\u00a0\u00a0\u00a0\u00a0\u00a0\u00a0\u00a0\u00a0\u00a0\u00a0\u00a0\u00a0\u00a0\u00a0\u00a0\u00a0\u00a0\u00a0\u00a0\u00a0\u00a0\u00a0\u00a0\u00a0 Ochrona kierowcy<\/p>\n<p>&#8211; Auslandsschadenschutz &#8211; Versicherung\u00a0 \u00a0 \u00a0 \u00a0 \u00a0 \u00a0 \u00a0 \u00a0 \u00a0 \u00a0 \u00a0 \u00a0 \u00a0 \u00a0 \u00a0 \u00a0Ochrona podczas kolizji za granic\u0105<\/p>\n<p>&#8211; RabattSchutz\u00a0\u00a0\u00a0\u00a0\u00a0\u00a0\u00a0\u00a0\u00a0\u00a0\u00a0\u00a0\u00a0\u00a0\u00a0\u00a0\u00a0\u00a0\u00a0\u00a0\u00a0\u00a0\u00a0\u00a0\u00a0\u00a0\u00a0\u00a0\u00a0\u00a0\u00a0\u00a0\u00a0\u00a0\u00a0\u00a0\u00a0\u00a0\u00a0\u00a0\u00a0\u00a0\u00a0\u00a0\u00a0\u00a0\u00a0\u00a0\u00a0\u00a0\u00a0\u00a0\u00a0\u00a0\u00a0\u00a0\u00a0\u00a0\u00a0\u00a0\u00a0\u00a0\u00a0\u00a0\u00a0\u00a0\u00a0\u00a0\u00a0\u00a0\u00a0\u00a0\u00a0\u00a0\u00a0\u00a0\u00a0\u00a0\u00a0\u00a0\u00a0\u00a0\u00a0 Ochrona zni\u017cek<\/p>\n<p>&#8211; Verkehrs-Rechtsschutz\u00a0\u00a0\u00a0\u00a0\u00a0\u00a0\u00a0\u00a0\u00a0\u00a0\u00a0\u00a0\u00a0\u00a0\u00a0\u00a0\u00a0\u00a0\u00a0\u00a0\u00a0\u00a0\u00a0\u00a0\u00a0\u00a0\u00a0\u00a0\u00a0\u00a0\u00a0\u00a0\u00a0\u00a0\u00a0\u00a0\u00a0\u00a0\u00a0\u00a0\u00a0\u00a0\u00a0\u00a0\u00a0\u00a0\u00a0\u00a0\u00a0\u00a0\u00a0\u00a0\u00a0\u00a0\u00a0\u00a0\u00a0\u00a0\u00a0\u00a0\u00a0\u00a0\u00a0 Ochrona prawna<\/p>\n<p>&#8211; Mietwagen\u00a0 \u00a0 \u00a0 \u00a0 \u00a0 \u00a0 \u00a0 \u00a0 \u00a0 \u00a0 \u00a0 \u00a0 \u00a0 \u00a0 \u00a0 \u00a0 \u00a0 \u00a0 \u00a0 \u00a0 \u00a0 \u00a0 \u00a0 \u00a0 \u00a0 \u00a0 \u00a0 \u00a0 \u00a0 \u00a0 \u00a0 \u00a0 \u00a0 \u00a0 \u00a0 \u00a0 \u00a0 \u00a0 \u00a0 \u00a0 \u00a0 \u00a0 \u00a0 \u00a0 \u00a0Samoch\u00f3d zast\u0119pczy<\/p>\n<p>&#8211; Insassen-Unfall &#8211; Versicherung\u00a0 \u00a0 \u00a0 \u00a0 \u00a0 \u00a0 \u00a0 \u00a0 \u00a0 \u00a0 \u00a0 \u00a0 \u00a0 \u00a0 \u00a0 \u00a0 \u00a0 \u00a0 \u00a0 \u00a0 \u00a0 \u00a0 \u00a0 \u00a0 \u00a0Ubezpiecznie wypadkowe dla pasa\u017cer\u00f3w<\/p>\n<\/div>\n","protected":false},"excerpt":{"rendered":"<p>Kfz Haftpflichtversicherung, Teil-\u00a0und Vollkaskoversicherung Zar\u00f3wno\u00a0w Polsce\u00a0jak i w Niemczech\u00a0podstawowe ubezpieczenie\u00a0OC (Kfz-Haftpflichtversicherung) jest obowi\u0105zkowe. Zgodnie z prawem,\u00a0minimalna suma\u00a0ubezpieczenia OC pojazdu osobowego, kt\u00f3ry porusza si\u0119 na terenie Niemiec, nie powinno by\u0107 ni\u017csze ni\u017c 7.500.000 \u20ac w szkodach osobowych, \u00a01.125.000\u20ac \u00a0w szkodach rzeczowych i 50.000\u20ac w szkodach na mieniu. Poza podstawowym ubezpieczeniem OC istniej\u0105 dwa rodzaje dodatkowej ochrony [&hellip;]<\/p>\n","protected":false},"author":1,"featured_media":0,"parent":0,"menu_order":0,"comment_status":"closed","ping_status":"closed","template":"","meta":{"_exactmetrics_skip_tracking":false,"_exactmetrics_sitenote_active":false,"_exactmetrics_sitenote_note":"","_exactmetrics_sitenote_category":0,"footnotes":""},"class_list":["post-379","page","type-page","status-publish","czr-hentry"],"yoast_head":"<!-- This site is optimized with the Yoast SEO plugin v27.5 - https:\/\/yoast.com\/product\/yoast-seo-wordpress\/ -->\n<title>Ubezpiecznie samochodu w Niemczech &#8212; Urbanowicz \u0141ukasz<\/title>\n<meta name=\"robots\" content=\"index, follow, max-snippet:-1, max-image-preview:large, max-video-preview:-1\" \/>\n<link rel=\"canonical\" href=\"https:\/\/ubezpieczenia.berlin\/index.php\/ubezpiecznie-samochodu-w-niemczech\/\" \/>\n<meta property=\"og:locale\" content=\"pl_PL\" \/>\n<meta property=\"og:type\" content=\"article\" \/>\n<meta property=\"og:title\" content=\"Ubezpiecznie samochodu w Niemczech &#8212; Urbanowicz \u0141ukasz\" \/>\n<meta property=\"og:description\" content=\"Kfz Haftpflichtversicherung, Teil-\u00a0und Vollkaskoversicherung Zar\u00f3wno\u00a0w Polsce\u00a0jak i w Niemczech\u00a0podstawowe ubezpieczenie\u00a0OC (Kfz-Haftpflichtversicherung) jest obowi\u0105zkowe. Zgodnie z prawem,\u00a0minimalna suma\u00a0ubezpieczenia OC pojazdu osobowego, kt\u00f3ry porusza si\u0119 na terenie Niemiec, nie powinno by\u0107 ni\u017csze ni\u017c 7.500.000 \u20ac w szkodach osobowych, \u00a01.125.000\u20ac \u00a0w szkodach rzeczowych i 50.000\u20ac w szkodach na mieniu. Poza podstawowym ubezpieczeniem OC istniej\u0105 dwa rodzaje dodatkowej ochrony [&hellip;]\" \/>\n<meta property=\"og:url\" content=\"https:\/\/ubezpieczenia.berlin\/index.php\/ubezpiecznie-samochodu-w-niemczech\/\" \/>\n<meta property=\"og:site_name\" content=\"Urbanowicz \u0141ukasz\" \/>\n<meta property=\"article:publisher\" content=\"https:\/\/www.facebook.com\/UrbanowiczLukas\/\" \/>\n<meta property=\"article:modified_time\" content=\"2020-04-05T10:49:57+00:00\" \/>\n<meta property=\"og:image\" content=\"http:\/\/ubezpieczenia.berlin\/wp-content\/uploads\/2020\/04\/auto-oferta-1-300x67.png\" \/>\n<meta name=\"twitter:card\" content=\"summary_large_image\" \/>\n<meta name=\"twitter:label1\" content=\"Szacowany czas czytania\" \/>\n\t<meta name=\"twitter:data1\" content=\"2 minuty\" \/>\n<script type=\"application\/ld+json\" class=\"yoast-schema-graph\">{\"@context\":\"https:\\\/\\\/schema.org\",\"@graph\":[{\"@type\":\"WebPage\",\"@id\":\"https:\\\/\\\/ubezpieczenia.berlin\\\/index.php\\\/ubezpiecznie-samochodu-w-niemczech\\\/\",\"url\":\"https:\\\/\\\/ubezpieczenia.berlin\\\/index.php\\\/ubezpiecznie-samochodu-w-niemczech\\\/\",\"name\":\"Ubezpiecznie samochodu w Niemczech &#8212; Urbanowicz \u0141ukasz\",\"isPartOf\":{\"@id\":\"https:\\\/\\\/ubezpieczenia.berlin\\\/#website\"},\"primaryImageOfPage\":{\"@id\":\"https:\\\/\\\/ubezpieczenia.berlin\\\/index.php\\\/ubezpiecznie-samochodu-w-niemczech\\\/#primaryimage\"},\"image\":{\"@id\":\"https:\\\/\\\/ubezpieczenia.berlin\\\/index.php\\\/ubezpiecznie-samochodu-w-niemczech\\\/#primaryimage\"},\"thumbnailUrl\":\"http:\\\/\\\/ubezpieczenia.berlin\\\/wp-content\\\/uploads\\\/2020\\\/04\\\/auto-oferta-1-300x67.png\",\"datePublished\":\"2018-09-07T06:38:15+00:00\",\"dateModified\":\"2020-04-05T10:49:57+00:00\",\"breadcrumb\":{\"@id\":\"https:\\\/\\\/ubezpieczenia.berlin\\\/index.php\\\/ubezpiecznie-samochodu-w-niemczech\\\/#breadcrumb\"},\"inLanguage\":\"pl-PL\",\"potentialAction\":[{\"@type\":\"ReadAction\",\"target\":[\"https:\\\/\\\/ubezpieczenia.berlin\\\/index.php\\\/ubezpiecznie-samochodu-w-niemczech\\\/\"]}]},{\"@type\":\"ImageObject\",\"inLanguage\":\"pl-PL\",\"@id\":\"https:\\\/\\\/ubezpieczenia.berlin\\\/index.php\\\/ubezpiecznie-samochodu-w-niemczech\\\/#primaryimage\",\"url\":\"https:\\\/\\\/ubezpieczenia.berlin\\\/wp-content\\\/uploads\\\/2020\\\/04\\\/auto-oferta-1.png\",\"contentUrl\":\"https:\\\/\\\/ubezpieczenia.berlin\\\/wp-content\\\/uploads\\\/2020\\\/04\\\/auto-oferta-1.png\",\"width\":600,\"height\":134},{\"@type\":\"BreadcrumbList\",\"@id\":\"https:\\\/\\\/ubezpieczenia.berlin\\\/index.php\\\/ubezpiecznie-samochodu-w-niemczech\\\/#breadcrumb\",\"itemListElement\":[{\"@type\":\"ListItem\",\"position\":1,\"name\":\"Strona g\u0142\u00f3wna\",\"item\":\"https:\\\/\\\/ubezpieczenia.berlin\\\/\"},{\"@type\":\"ListItem\",\"position\":2,\"name\":\"Ubezpiecznie samochodu w Niemczech\"}]},{\"@type\":\"WebSite\",\"@id\":\"https:\\\/\\\/ubezpieczenia.berlin\\\/#website\",\"url\":\"https:\\\/\\\/ubezpieczenia.berlin\\\/\",\"name\":\"Ubezpiezpieczenia w Berlinie\",\"description\":\"\",\"publisher\":{\"@id\":\"https:\\\/\\\/ubezpieczenia.berlin\\\/#organization\"},\"potentialAction\":[{\"@type\":\"SearchAction\",\"target\":{\"@type\":\"EntryPoint\",\"urlTemplate\":\"https:\\\/\\\/ubezpieczenia.berlin\\\/?s={search_term_string}\"},\"query-input\":{\"@type\":\"PropertyValueSpecification\",\"valueRequired\":true,\"valueName\":\"search_term_string\"}}],\"inLanguage\":\"pl-PL\"},{\"@type\":\"Organization\",\"@id\":\"https:\\\/\\\/ubezpieczenia.berlin\\\/#organization\",\"name\":\"Urbanowicz \u0141ukasz Versicherungsmakler\",\"url\":\"https:\\\/\\\/ubezpieczenia.berlin\\\/\",\"logo\":{\"@type\":\"ImageObject\",\"inLanguage\":\"pl-PL\",\"@id\":\"https:\\\/\\\/ubezpieczenia.berlin\\\/#\\\/schema\\\/logo\\\/image\\\/\",\"url\":\"http:\\\/\\\/ubezpieczenia.berlin\\\/wp-content\\\/uploads\\\/2018\\\/04\\\/Urbanowicz-\u0141ukasz-ubezpieczenia-w-Niemczech.jpg\",\"contentUrl\":\"http:\\\/\\\/ubezpieczenia.berlin\\\/wp-content\\\/uploads\\\/2018\\\/04\\\/Urbanowicz-\u0141ukasz-ubezpieczenia-w-Niemczech.jpg\",\"width\":765,\"height\":217,\"caption\":\"Urbanowicz \u0141ukasz Versicherungsmakler\"},\"image\":{\"@id\":\"https:\\\/\\\/ubezpieczenia.berlin\\\/#\\\/schema\\\/logo\\\/image\\\/\"},\"sameAs\":[\"https:\\\/\\\/www.facebook.com\\\/UrbanowiczLukas\\\/\",\"https:\\\/\\\/www.instagram.com\\\/urbanowiczlukas\\\/\"]}]}<\/script>\n<!-- \/ Yoast SEO plugin. -->","yoast_head_json":{"title":"Ubezpiecznie samochodu w Niemczech &#8212; Urbanowicz \u0141ukasz","robots":{"index":"index","follow":"follow","max-snippet":"max-snippet:-1","max-image-preview":"max-image-preview:large","max-video-preview":"max-video-preview:-1"},"canonical":"https:\/\/ubezpieczenia.berlin\/index.php\/ubezpiecznie-samochodu-w-niemczech\/","og_locale":"pl_PL","og_type":"article","og_title":"Ubezpiecznie samochodu w Niemczech &#8212; Urbanowicz \u0141ukasz","og_description":"Kfz Haftpflichtversicherung, Teil-\u00a0und Vollkaskoversicherung Zar\u00f3wno\u00a0w Polsce\u00a0jak i w Niemczech\u00a0podstawowe ubezpieczenie\u00a0OC (Kfz-Haftpflichtversicherung) jest obowi\u0105zkowe. Zgodnie z prawem,\u00a0minimalna suma\u00a0ubezpieczenia OC pojazdu osobowego, kt\u00f3ry porusza si\u0119 na terenie Niemiec, nie powinno by\u0107 ni\u017csze ni\u017c 7.500.000 \u20ac w szkodach osobowych, \u00a01.125.000\u20ac \u00a0w szkodach rzeczowych i 50.000\u20ac w szkodach na mieniu. Poza podstawowym ubezpieczeniem OC istniej\u0105 dwa rodzaje dodatkowej ochrony [&hellip;]","og_url":"https:\/\/ubezpieczenia.berlin\/index.php\/ubezpiecznie-samochodu-w-niemczech\/","og_site_name":"Urbanowicz \u0141ukasz","article_publisher":"https:\/\/www.facebook.com\/UrbanowiczLukas\/","article_modified_time":"2020-04-05T10:49:57+00:00","og_image":[{"url":"http:\/\/ubezpieczenia.berlin\/wp-content\/uploads\/2020\/04\/auto-oferta-1-300x67.png","type":"","width":"","height":""}],"twitter_card":"summary_large_image","twitter_misc":{"Szacowany czas czytania":"2 minuty"},"schema":{"@context":"https:\/\/schema.org","@graph":[{"@type":"WebPage","@id":"https:\/\/ubezpieczenia.berlin\/index.php\/ubezpiecznie-samochodu-w-niemczech\/","url":"https:\/\/ubezpieczenia.berlin\/index.php\/ubezpiecznie-samochodu-w-niemczech\/","name":"Ubezpiecznie samochodu w Niemczech &#8212; Urbanowicz \u0141ukasz","isPartOf":{"@id":"https:\/\/ubezpieczenia.berlin\/#website"},"primaryImageOfPage":{"@id":"https:\/\/ubezpieczenia.berlin\/index.php\/ubezpiecznie-samochodu-w-niemczech\/#primaryimage"},"image":{"@id":"https:\/\/ubezpieczenia.berlin\/index.php\/ubezpiecznie-samochodu-w-niemczech\/#primaryimage"},"thumbnailUrl":"http:\/\/ubezpieczenia.berlin\/wp-content\/uploads\/2020\/04\/auto-oferta-1-300x67.png","datePublished":"2018-09-07T06:38:15+00:00","dateModified":"2020-04-05T10:49:57+00:00","breadcrumb":{"@id":"https:\/\/ubezpieczenia.berlin\/index.php\/ubezpiecznie-samochodu-w-niemczech\/#breadcrumb"},"inLanguage":"pl-PL","potentialAction":[{"@type":"ReadAction","target":["https:\/\/ubezpieczenia.berlin\/index.php\/ubezpiecznie-samochodu-w-niemczech\/"]}]},{"@type":"ImageObject","inLanguage":"pl-PL","@id":"https:\/\/ubezpieczenia.berlin\/index.php\/ubezpiecznie-samochodu-w-niemczech\/#primaryimage","url":"https:\/\/ubezpieczenia.berlin\/wp-content\/uploads\/2020\/04\/auto-oferta-1.png","contentUrl":"https:\/\/ubezpieczenia.berlin\/wp-content\/uploads\/2020\/04\/auto-oferta-1.png","width":600,"height":134},{"@type":"BreadcrumbList","@id":"https:\/\/ubezpieczenia.berlin\/index.php\/ubezpiecznie-samochodu-w-niemczech\/#breadcrumb","itemListElement":[{"@type":"ListItem","position":1,"name":"Strona g\u0142\u00f3wna","item":"https:\/\/ubezpieczenia.berlin\/"},{"@type":"ListItem","position":2,"name":"Ubezpiecznie samochodu w Niemczech"}]},{"@type":"WebSite","@id":"https:\/\/ubezpieczenia.berlin\/#website","url":"https:\/\/ubezpieczenia.berlin\/","name":"Ubezpiezpieczenia w Berlinie","description":"","publisher":{"@id":"https:\/\/ubezpieczenia.berlin\/#organization"},"potentialAction":[{"@type":"SearchAction","target":{"@type":"EntryPoint","urlTemplate":"https:\/\/ubezpieczenia.berlin\/?s={search_term_string}"},"query-input":{"@type":"PropertyValueSpecification","valueRequired":true,"valueName":"search_term_string"}}],"inLanguage":"pl-PL"},{"@type":"Organization","@id":"https:\/\/ubezpieczenia.berlin\/#organization","name":"Urbanowicz \u0141ukasz Versicherungsmakler","url":"https:\/\/ubezpieczenia.berlin\/","logo":{"@type":"ImageObject","inLanguage":"pl-PL","@id":"https:\/\/ubezpieczenia.berlin\/#\/schema\/logo\/image\/","url":"http:\/\/ubezpieczenia.berlin\/wp-content\/uploads\/2018\/04\/Urbanowicz-\u0141ukasz-ubezpieczenia-w-Niemczech.jpg","contentUrl":"http:\/\/ubezpieczenia.berlin\/wp-content\/uploads\/2018\/04\/Urbanowicz-\u0141ukasz-ubezpieczenia-w-Niemczech.jpg","width":765,"height":217,"caption":"Urbanowicz \u0141ukasz Versicherungsmakler"},"image":{"@id":"https:\/\/ubezpieczenia.berlin\/#\/schema\/logo\/image\/"},"sameAs":["https:\/\/www.facebook.com\/UrbanowiczLukas\/","https:\/\/www.instagram.com\/urbanowiczlukas\/"]}]}},"_links":{"self":[{"href":"https:\/\/ubezpieczenia.berlin\/index.php\/wp-json\/wp\/v2\/pages\/379","targetHints":{"allow":["GET"]}}],"collection":[{"href":"https:\/\/ubezpieczenia.berlin\/index.php\/wp-json\/wp\/v2\/pages"}],"about":[{"href":"https:\/\/ubezpieczenia.berlin\/index.php\/wp-json\/wp\/v2\/types\/page"}],"author":[{"embeddable":true,"href":"https:\/\/ubezpieczenia.berlin\/index.php\/wp-json\/wp\/v2\/users\/1"}],"replies":[{"embeddable":true,"href":"https:\/\/ubezpieczenia.berlin\/index.php\/wp-json\/wp\/v2\/comments?post=379"}],"version-history":[{"count":11,"href":"https:\/\/ubezpieczenia.berlin\/index.php\/wp-json\/wp\/v2\/pages\/379\/revisions"}],"predecessor-version":[{"id":999,"href":"https:\/\/ubezpieczenia.berlin\/index.php\/wp-json\/wp\/v2\/pages\/379\/revisions\/999"}],"wp:attachment":[{"href":"https:\/\/ubezpieczenia.berlin\/index.php\/wp-json\/wp\/v2\/media?parent=379"}],"curies":[{"name":"wp","href":"https:\/\/api.w.org\/{rel}","templated":true}]}}