{"id":1232,"date":"2021-11-08T15:29:45","date_gmt":"2021-11-08T14:29:45","guid":{"rendered":"https:\/\/ubezpieczenia.berlin\/?page_id=1232"},"modified":"2021-11-08T16:56:51","modified_gmt":"2021-11-08T15:56:51","slug":"kalkulatory-i-formularze","status":"publish","type":"page","link":"https:\/\/ubezpieczenia.berlin\/index.php\/kalkulatory-i-formularze\/","title":{"rendered":"Kalkulatory i Formularze"},"content":{"rendered":"\n<div class=\"wp-block-themeisle-blocks-advanced-columns has-1-columns has-desktop-equal-layout has-tablet-equal-layout has-mobile-equal-layout has-default-gap has-vertical-unset\" id=\"wp-block-themeisle-blocks-advanced-columns-58975ccd\"><div class=\"wp-block-themeisle-blocks-advanced-columns-overlay\"><\/div><div class=\"innerblocks-wrap\">\n<div class=\"wp-block-themeisle-blocks-advanced-column\" id=\"wp-block-themeisle-blocks-advanced-column-f12b8c7e\">\n<div class=\"wp-block-media-text alignwide is-stacked-on-mobile\"><figure class=\"wp-block-media-text__media\"><a href=\"https:\/\/ubezpieczenia.berlin\/index.php\/formularze-w-jezyku-polskim\/\"><img loading=\"lazy\" decoding=\"async\" width=\"1024\" height=\"644\" src=\"https:\/\/ubezpieczenia.berlin\/wp-content\/uploads\/2018\/09\/Checkliste-ubezpieczenia-1024x644.jpg\" alt=\"Ubezpieczenia w Niemczech\" class=\"wp-image-503 size-full\" srcset=\"https:\/\/ubezpieczenia.berlin\/wp-content\/uploads\/2018\/09\/Checkliste-ubezpieczenia-1024x644.jpg 1024w, https:\/\/ubezpieczenia.berlin\/wp-content\/uploads\/2018\/09\/Checkliste-ubezpieczenia-300x189.jpg 300w, https:\/\/ubezpieczenia.berlin\/wp-content\/uploads\/2018\/09\/Checkliste-ubezpieczenia-768x483.jpg 768w, https:\/\/ubezpieczenia.berlin\/wp-content\/uploads\/2018\/09\/Checkliste-ubezpieczenia.jpg 1920w\" sizes=\"auto, (max-width: 1024px) 100vw, 1024px\" \/><\/a><\/figure><div class=\"wp-block-media-text__content\">\n<h4 class=\"has-black-color has-text-color wp-block-heading\" id=\"block-01aabf0d-8ca4-430b-9ebe-f7d626405557\"><a href=\"https:\/\/ubezpieczenia.berlin\/index.php\/formularze-w-jezyku-polskim\/\">Formularze w j\u0119zyku polskim<\/a><\/h4>\n\n\n\n<p class=\"has-black-color has-text-color\" id=\"block-908c0f0d-627c-4e70-bc2f-379b201bd910\"><a href=\"https:\/\/ubezpieczenia.berlin\/index.php\/formularze-w-jezyku-polskim\/\">Wype\u0142nij formularz w j\u0119zyku polskim i otrzymaj bezp\u0142atnie ofert\u0119 na wybrane ubezpieczenie!<\/a><\/p>\n<\/div><\/div>\n\n\n\n<div class=\"wp-block-media-text alignwide is-stacked-on-mobile\"><figure class=\"wp-block-media-text__media\"><a href=\"https:\/\/ubezpieczenia.berlin\/index.php\/kalkulatory\/\"><img loading=\"lazy\" decoding=\"async\" width=\"1024\" height=\"683\" src=\"https:\/\/ubezpieczenia.berlin\/wp-content\/uploads\/2018\/09\/accountant-1238598_1920-1024x683.jpg\" alt=\"\" class=\"wp-image-788 size-full\" srcset=\"https:\/\/ubezpieczenia.berlin\/wp-content\/uploads\/2018\/09\/accountant-1238598_1920-1024x683.jpg 1024w, https:\/\/ubezpieczenia.berlin\/wp-content\/uploads\/2018\/09\/accountant-1238598_1920-300x200.jpg 300w, https:\/\/ubezpieczenia.berlin\/wp-content\/uploads\/2018\/09\/accountant-1238598_1920-768x512.jpg 768w, https:\/\/ubezpieczenia.berlin\/wp-content\/uploads\/2018\/09\/accountant-1238598_1920.jpg 1920w\" sizes=\"auto, (max-width: 1024px) 100vw, 1024px\" \/><\/a><\/figure><div class=\"wp-block-media-text__content\">\n<h4 class=\"has-black-color has-text-color wp-block-heading\"><a href=\"https:\/\/ubezpieczenia.berlin\/index.php\/kalkulatory\/\">Kalkulatory ubezpiecze\u0144 w Niemczech (j\u0119zyk niemiecki)<\/a><\/h4>\n\n\n\n<p class=\"has-black-color has-text-color\"><a href=\"https:\/\/ubezpieczenia.berlin\/index.php\/kalkulatory\/\">Kalkulatory ubezpiecze\u0144, dzi\u0119ki kt\u00f3rym mo\u017cesz samodzielnie wyliczy\u0107,\u00a0por\u00f3wna\u0107 oraz zakupi\u0107 ubezpieczenie.<\/a><\/p>\n<\/div><\/div>\n<\/div>\n<\/div><\/div>\n\n\n\n<p><\/p>\n","protected":false},"excerpt":{"rendered":"","protected":false},"author":1,"featured_media":788,"parent":0,"menu_order":0,"comment_status":"closed","ping_status":"closed","template":"","meta":{"_exactmetrics_skip_tracking":false,"_exactmetrics_sitenote_active":false,"_exactmetrics_sitenote_note":"","_exactmetrics_sitenote_category":0,"footnotes":""},"class_list":["post-1232","page","type-page","status-publish","has-post-thumbnail","czr-hentry"],"yoast_head":"<!-- This site is optimized with the Yoast SEO plugin v27.4 - https:\/\/yoast.com\/product\/yoast-seo-wordpress\/ -->\n<title>Kalkulatory i Formularze &#8212; Urbanowicz \u0141ukasz<\/title>\n<meta name=\"robots\" content=\"index, follow, max-snippet:-1, max-image-preview:large, max-video-preview:-1\" \/>\n<link rel=\"canonical\" href=\"https:\/\/ubezpieczenia.berlin\/index.php\/kalkulatory-i-formularze\/\" \/>\n<meta property=\"og:locale\" content=\"pl_PL\" \/>\n<meta property=\"og:type\" content=\"article\" \/>\n<meta property=\"og:title\" content=\"Kalkulatory i Formularze &#8212; Urbanowicz \u0141ukasz\" \/>\n<meta property=\"og:url\" content=\"https:\/\/ubezpieczenia.berlin\/index.php\/kalkulatory-i-formularze\/\" \/>\n<meta property=\"og:site_name\" content=\"Urbanowicz \u0141ukasz\" \/>\n<meta property=\"article:publisher\" content=\"https:\/\/www.facebook.com\/UrbanowiczLukas\/\" \/>\n<meta property=\"article:modified_time\" content=\"2021-11-08T15:56:51+00:00\" \/>\n<meta property=\"og:image\" content=\"https:\/\/ubezpieczenia.berlin\/wp-content\/uploads\/2018\/09\/accountant-1238598_1920.jpg\" \/>\n\t<meta property=\"og:image:width\" content=\"1920\" \/>\n\t<meta property=\"og:image:height\" content=\"1280\" \/>\n\t<meta property=\"og:image:type\" content=\"image\/jpeg\" \/>\n<meta name=\"twitter:card\" content=\"summary_large_image\" \/>\n<meta name=\"twitter:label1\" content=\"Szacowany czas czytania\" \/>\n\t<meta name=\"twitter:data1\" content=\"1 minuta\" \/>\n<script type=\"application\/ld+json\" class=\"yoast-schema-graph\">{\"@context\":\"https:\\\/\\\/schema.org\",\"@graph\":[{\"@type\":\"WebPage\",\"@id\":\"https:\\\/\\\/ubezpieczenia.berlin\\\/index.php\\\/kalkulatory-i-formularze\\\/\",\"url\":\"https:\\\/\\\/ubezpieczenia.berlin\\\/index.php\\\/kalkulatory-i-formularze\\\/\",\"name\":\"Kalkulatory i Formularze &#8212; Urbanowicz \u0141ukasz\",\"isPartOf\":{\"@id\":\"https:\\\/\\\/ubezpieczenia.berlin\\\/#website\"},\"primaryImageOfPage\":{\"@id\":\"https:\\\/\\\/ubezpieczenia.berlin\\\/index.php\\\/kalkulatory-i-formularze\\\/#primaryimage\"},\"image\":{\"@id\":\"https:\\\/\\\/ubezpieczenia.berlin\\\/index.php\\\/kalkulatory-i-formularze\\\/#primaryimage\"},\"thumbnailUrl\":\"https:\\\/\\\/ubezpieczenia.berlin\\\/wp-content\\\/uploads\\\/2018\\\/09\\\/accountant-1238598_1920.jpg\",\"datePublished\":\"2021-11-08T14:29:45+00:00\",\"dateModified\":\"2021-11-08T15:56:51+00:00\",\"breadcrumb\":{\"@id\":\"https:\\\/\\\/ubezpieczenia.berlin\\\/index.php\\\/kalkulatory-i-formularze\\\/#breadcrumb\"},\"inLanguage\":\"pl-PL\",\"potentialAction\":[{\"@type\":\"ReadAction\",\"target\":[\"https:\\\/\\\/ubezpieczenia.berlin\\\/index.php\\\/kalkulatory-i-formularze\\\/\"]}]},{\"@type\":\"ImageObject\",\"inLanguage\":\"pl-PL\",\"@id\":\"https:\\\/\\\/ubezpieczenia.berlin\\\/index.php\\\/kalkulatory-i-formularze\\\/#primaryimage\",\"url\":\"https:\\\/\\\/ubezpieczenia.berlin\\\/wp-content\\\/uploads\\\/2018\\\/09\\\/accountant-1238598_1920.jpg\",\"contentUrl\":\"https:\\\/\\\/ubezpieczenia.berlin\\\/wp-content\\\/uploads\\\/2018\\\/09\\\/accountant-1238598_1920.jpg\",\"width\":1920,\"height\":1280},{\"@type\":\"BreadcrumbList\",\"@id\":\"https:\\\/\\\/ubezpieczenia.berlin\\\/index.php\\\/kalkulatory-i-formularze\\\/#breadcrumb\",\"itemListElement\":[{\"@type\":\"ListItem\",\"position\":1,\"name\":\"Strona g\u0142\u00f3wna\",\"item\":\"https:\\\/\\\/ubezpieczenia.berlin\\\/\"},{\"@type\":\"ListItem\",\"position\":2,\"name\":\"Kalkulatory i Formularze\"}]},{\"@type\":\"WebSite\",\"@id\":\"https:\\\/\\\/ubezpieczenia.berlin\\\/#website\",\"url\":\"https:\\\/\\\/ubezpieczenia.berlin\\\/\",\"name\":\"Ubezpiezpieczenia w Berlinie\",\"description\":\"\",\"publisher\":{\"@id\":\"https:\\\/\\\/ubezpieczenia.berlin\\\/#organization\"},\"potentialAction\":[{\"@type\":\"SearchAction\",\"target\":{\"@type\":\"EntryPoint\",\"urlTemplate\":\"https:\\\/\\\/ubezpieczenia.berlin\\\/?s={search_term_string}\"},\"query-input\":{\"@type\":\"PropertyValueSpecification\",\"valueRequired\":true,\"valueName\":\"search_term_string\"}}],\"inLanguage\":\"pl-PL\"},{\"@type\":\"Organization\",\"@id\":\"https:\\\/\\\/ubezpieczenia.berlin\\\/#organization\",\"name\":\"Urbanowicz \u0141ukasz Versicherungsmakler\",\"url\":\"https:\\\/\\\/ubezpieczenia.berlin\\\/\",\"logo\":{\"@type\":\"ImageObject\",\"inLanguage\":\"pl-PL\",\"@id\":\"https:\\\/\\\/ubezpieczenia.berlin\\\/#\\\/schema\\\/logo\\\/image\\\/\",\"url\":\"http:\\\/\\\/ubezpieczenia.berlin\\\/wp-content\\\/uploads\\\/2018\\\/04\\\/Urbanowicz-\u0141ukasz-ubezpieczenia-w-Niemczech.jpg\",\"contentUrl\":\"http:\\\/\\\/ubezpieczenia.berlin\\\/wp-content\\\/uploads\\\/2018\\\/04\\\/Urbanowicz-\u0141ukasz-ubezpieczenia-w-Niemczech.jpg\",\"width\":765,\"height\":217,\"caption\":\"Urbanowicz \u0141ukasz Versicherungsmakler\"},\"image\":{\"@id\":\"https:\\\/\\\/ubezpieczenia.berlin\\\/#\\\/schema\\\/logo\\\/image\\\/\"},\"sameAs\":[\"https:\\\/\\\/www.facebook.com\\\/UrbanowiczLukas\\\/\",\"https:\\\/\\\/www.instagram.com\\\/urbanowiczlukas\\\/\"]}]}<\/script>\n<!-- \/ Yoast SEO plugin. -->","yoast_head_json":{"title":"Kalkulatory i Formularze &#8212; Urbanowicz \u0141ukasz","robots":{"index":"index","follow":"follow","max-snippet":"max-snippet:-1","max-image-preview":"max-image-preview:large","max-video-preview":"max-video-preview:-1"},"canonical":"https:\/\/ubezpieczenia.berlin\/index.php\/kalkulatory-i-formularze\/","og_locale":"pl_PL","og_type":"article","og_title":"Kalkulatory i Formularze &#8212; Urbanowicz \u0141ukasz","og_url":"https:\/\/ubezpieczenia.berlin\/index.php\/kalkulatory-i-formularze\/","og_site_name":"Urbanowicz \u0141ukasz","article_publisher":"https:\/\/www.facebook.com\/UrbanowiczLukas\/","article_modified_time":"2021-11-08T15:56:51+00:00","og_image":[{"width":1920,"height":1280,"url":"https:\/\/ubezpieczenia.berlin\/wp-content\/uploads\/2018\/09\/accountant-1238598_1920.jpg","type":"image\/jpeg"}],"twitter_card":"summary_large_image","twitter_misc":{"Szacowany czas czytania":"1 minuta"},"schema":{"@context":"https:\/\/schema.org","@graph":[{"@type":"WebPage","@id":"https:\/\/ubezpieczenia.berlin\/index.php\/kalkulatory-i-formularze\/","url":"https:\/\/ubezpieczenia.berlin\/index.php\/kalkulatory-i-formularze\/","name":"Kalkulatory i Formularze &#8212; Urbanowicz \u0141ukasz","isPartOf":{"@id":"https:\/\/ubezpieczenia.berlin\/#website"},"primaryImageOfPage":{"@id":"https:\/\/ubezpieczenia.berlin\/index.php\/kalkulatory-i-formularze\/#primaryimage"},"image":{"@id":"https:\/\/ubezpieczenia.berlin\/index.php\/kalkulatory-i-formularze\/#primaryimage"},"thumbnailUrl":"https:\/\/ubezpieczenia.berlin\/wp-content\/uploads\/2018\/09\/accountant-1238598_1920.jpg","datePublished":"2021-11-08T14:29:45+00:00","dateModified":"2021-11-08T15:56:51+00:00","breadcrumb":{"@id":"https:\/\/ubezpieczenia.berlin\/index.php\/kalkulatory-i-formularze\/#breadcrumb"},"inLanguage":"pl-PL","potentialAction":[{"@type":"ReadAction","target":["https:\/\/ubezpieczenia.berlin\/index.php\/kalkulatory-i-formularze\/"]}]},{"@type":"ImageObject","inLanguage":"pl-PL","@id":"https:\/\/ubezpieczenia.berlin\/index.php\/kalkulatory-i-formularze\/#primaryimage","url":"https:\/\/ubezpieczenia.berlin\/wp-content\/uploads\/2018\/09\/accountant-1238598_1920.jpg","contentUrl":"https:\/\/ubezpieczenia.berlin\/wp-content\/uploads\/2018\/09\/accountant-1238598_1920.jpg","width":1920,"height":1280},{"@type":"BreadcrumbList","@id":"https:\/\/ubezpieczenia.berlin\/index.php\/kalkulatory-i-formularze\/#breadcrumb","itemListElement":[{"@type":"ListItem","position":1,"name":"Strona g\u0142\u00f3wna","item":"https:\/\/ubezpieczenia.berlin\/"},{"@type":"ListItem","position":2,"name":"Kalkulatory i Formularze"}]},{"@type":"WebSite","@id":"https:\/\/ubezpieczenia.berlin\/#website","url":"https:\/\/ubezpieczenia.berlin\/","name":"Ubezpiezpieczenia w Berlinie","description":"","publisher":{"@id":"https:\/\/ubezpieczenia.berlin\/#organization"},"potentialAction":[{"@type":"SearchAction","target":{"@type":"EntryPoint","urlTemplate":"https:\/\/ubezpieczenia.berlin\/?s={search_term_string}"},"query-input":{"@type":"PropertyValueSpecification","valueRequired":true,"valueName":"search_term_string"}}],"inLanguage":"pl-PL"},{"@type":"Organization","@id":"https:\/\/ubezpieczenia.berlin\/#organization","name":"Urbanowicz \u0141ukasz Versicherungsmakler","url":"https:\/\/ubezpieczenia.berlin\/","logo":{"@type":"ImageObject","inLanguage":"pl-PL","@id":"https:\/\/ubezpieczenia.berlin\/#\/schema\/logo\/image\/","url":"http:\/\/ubezpieczenia.berlin\/wp-content\/uploads\/2018\/04\/Urbanowicz-\u0141ukasz-ubezpieczenia-w-Niemczech.jpg","contentUrl":"http:\/\/ubezpieczenia.berlin\/wp-content\/uploads\/2018\/04\/Urbanowicz-\u0141ukasz-ubezpieczenia-w-Niemczech.jpg","width":765,"height":217,"caption":"Urbanowicz \u0141ukasz Versicherungsmakler"},"image":{"@id":"https:\/\/ubezpieczenia.berlin\/#\/schema\/logo\/image\/"},"sameAs":["https:\/\/www.facebook.com\/UrbanowiczLukas\/","https:\/\/www.instagram.com\/urbanowiczlukas\/"]}]}},"_links":{"self":[{"href":"https:\/\/ubezpieczenia.berlin\/index.php\/wp-json\/wp\/v2\/pages\/1232","targetHints":{"allow":["GET"]}}],"collection":[{"href":"https:\/\/ubezpieczenia.berlin\/index.php\/wp-json\/wp\/v2\/pages"}],"about":[{"href":"https:\/\/ubezpieczenia.berlin\/index.php\/wp-json\/wp\/v2\/types\/page"}],"author":[{"embeddable":true,"href":"https:\/\/ubezpieczenia.berlin\/index.php\/wp-json\/wp\/v2\/users\/1"}],"replies":[{"embeddable":true,"href":"https:\/\/ubezpieczenia.berlin\/index.php\/wp-json\/wp\/v2\/comments?post=1232"}],"version-history":[{"count":13,"href":"https:\/\/ubezpieczenia.berlin\/index.php\/wp-json\/wp\/v2\/pages\/1232\/revisions"}],"predecessor-version":[{"id":1297,"href":"https:\/\/ubezpieczenia.berlin\/index.php\/wp-json\/wp\/v2\/pages\/1232\/revisions\/1297"}],"wp:featuredmedia":[{"embeddable":true,"href":"https:\/\/ubezpieczenia.berlin\/index.php\/wp-json\/wp\/v2\/media\/788"}],"wp:attachment":[{"href":"https:\/\/ubezpieczenia.berlin\/index.php\/wp-json\/wp\/v2\/media?parent=1232"}],"curies":[{"name":"wp","href":"https:\/\/api.w.org\/{rel}","templated":true}]}}